{"id":10000,"date":"2023-11-28T16:37:15","date_gmt":"2023-11-28T16:37:15","guid":{"rendered":"https:\/\/www.chefsfarm.nl\/?post_type=product&#038;p=10000"},"modified":"2025-09-02T10:50:34","modified_gmt":"2025-09-02T10:50:34","slug":"shiso-bi-color","status":"publish","type":"product","link":"https:\/\/chefsfarm.nl\/fr\/product\/shiso-bi-color\/","title":{"rendered":"SHISO BI COLOR"},"content":{"rendered":"<div class=\"elementor-element elementor-element-8a759fa elementor-widget elementor-widget-heading\" data-id=\"8a759fa\" data-element_type=\"widget\" data-widget_type=\"heading.default\">\n<div class=\"elementor-widget-container\">\n<p style=\"font-weight: 400;\"><strong>Shiso Bi Color<\/strong><strong>\u00a0<\/strong><\/p>\n<p style=\"font-weight: 400;\">Shiso is a unique herb known for its sweet, herbal flavor with subtle flowery undertones. Derived from the perilla plant, a member of the mint family, Shiso is widely used in various international cuisines. Its rich, deep purple leaves make it both a flavorful and visually striking addition to dishes. Shiso comes in different colors of which we produce the purple and bicolored type.<\/p>\n<p style=\"font-weight: 400;\"><strong>History and Fun Facts<\/strong><\/p>\n<p style=\"font-weight: 400;\">Shiso originated in the highlands of China and India and has since spread worldwide. In China, it is called z\u01d0s\u016b, a name that eventually became shiso in Japanese. This herb plays an essential role in Japanese cuisine, where it is often used as garnishment or in pickled forms. Shiso comes in different varieties, including purple and bicolored types, both of which we produce for chefs who value its bold flavor and versatile culinary uses.<\/p>\n<p style=\"font-weight: 400;\"><strong>Culinary Uses<\/strong><\/p>\n<p style=\"font-weight: 400;\">Shiso Bi-Color\u2019s sweet yet herbal flavor, combined with its floral undertone, makes it incredibly versatile in the kitchen. The leaves can be used fresh in salads or as a garnish for sushi and sashimi, where they share a fresh and aromatic touch. Its vibrant bi-colored leaves also make it a stunning addition to rice bowls or noodle dishes.<\/p>\n<p style=\"font-weight: 400;\">When grilled or steamed, shiso gives its herbal sweetness to fish, meat, or vegetables, often wrapped around these ingredients to infuse them with its complex flavor. Shiso Bi-Color is also popular in pickling, adding an aromatic depth to pickled vegetables. Additionally, it is used in beverages such as teas and cocktails, where its floral undertone shines through, complementing both sweet and savory notes.<\/p>\n<p style=\"font-weight: 400;\">In the Japanese cuisine, shiso is extensively used as garnishment or in pickled forms. However, also in the finest kitchens of the Netherlands, chefs like to use our Shiso in many ways. For example <a href=\"https:\/\/rouhi.nl\/\">Restaurant Rouhi<\/a>\u00a0created a beautiful vegetarian dish, that contains celeriac from the BBQ, nashi pear, dashi, truffle, and buckwheat\u2060, topped with Bright and Spicy Mix and some of our Shiso Bi Colored leaves.\u2060<\/p>\n<p style=\"font-weight: 400;\"><strong>Shiso Bi-Color Attributes<\/strong><\/p>\n<ul>\n<li>Green and purple bi-colored leaves<\/li>\n<li>Sweet, herbal flavor with a floral undertone<\/li>\n<li>Commonly used in sushi, salads, and rice dishes<\/li>\n<li>Ideal for wrapping fish, meats, and vegetables<\/li>\n<li>Great for pickling and adding depth to beverages<\/li>\n<li>Visually striking, perfect as a garnish for presentation<\/li>\n<\/ul>\n<\/div>\n<\/div>\n<div class=\"elementor-element elementor-element-a05f8dc elementor-widget elementor-widget-text-editor\" data-id=\"a05f8dc\" data-element_type=\"widget\" data-widget_type=\"text-editor.default\">\n<div class=\"elementor-widget-container\">\n<div class=\"elementor-text-editor elementor-clearfix\"><\/div>\n<\/div>\n<\/div>","protected":false},"excerpt":{"rendered":"<p><img fetchpriority=\"high\" decoding=\"async\" class=\"alignnone size-medium wp-image-10001\" src=\"https:\/\/www.chefsfarm.nl\/wp-content\/uploads\/2023\/11\/GX2344-1-300x200.jpg\" alt=\"\" width=\"300\" height=\"200\" srcset=\"https:\/\/chefsfarm.nl\/wp-content\/uploads\/2023\/11\/GX2344-1-300x200.jpg 300w, https:\/\/chefsfarm.nl\/wp-content\/uploads\/2023\/11\/GX2344-1-1024x683.jpg 1024w, https:\/\/chefsfarm.nl\/wp-content\/uploads\/2023\/11\/GX2344-1-768x512.jpg 768w, https:\/\/chefsfarm.nl\/wp-content\/uploads\/2023\/11\/GX2344-1-1536x1024.jpg 1536w, https:\/\/chefsfarm.nl\/wp-content\/uploads\/2023\/11\/GX2344-1-2048x1365.jpg 2048w, https:\/\/chefsfarm.nl\/wp-content\/uploads\/2023\/11\/GX2344-1-600x400.jpg 600w\" sizes=\"(max-width: 300px) 100vw, 300px\" \/><\/p>","protected":false},"featured_media":10001,"template":"","meta":{"_acf_changed":true},"categories":[182,222,171],"tags":[243,167,215,175],"class_list":["post-10000","product","type-product","status-publish","has-post-thumbnail","hentry","category-asian","category-leaves","category-microgreens","tag-asian","tag-herbal","tag-purple","tag-sweet"],"acf":[],"yoast_head":"<!-- This site is optimized with the Yoast SEO plugin v27.6 - https:\/\/yoast.com\/product\/yoast-seo-wordpress\/ -->\n<title>SHISO BI COLOR - Chef&#039;s Farm<\/title>\n<meta name=\"description\" content=\"SHISO BI COLOR - Sweet with herbal flavour and a flowery undertone.\" \/>\n<meta name=\"robots\" content=\"index, follow, max-snippet:-1, max-image-preview:large, max-video-preview:-1\" \/>\n<link rel=\"canonical\" href=\"https:\/\/chefsfarm.nl\/fr\/produit\/shiso-bi-color\/\" \/>\n<meta property=\"og:locale\" content=\"fr_FR\" \/>\n<meta property=\"og:type\" content=\"article\" \/>\n<meta property=\"og:title\" content=\"SHISO BI COLOR - Chef&#039;s Farm\" \/>\n<meta property=\"og:description\" content=\"SHISO BI COLOR - Sweet with herbal flavour and a flowery undertone.\" \/>\n<meta property=\"og:url\" content=\"https:\/\/chefsfarm.nl\/fr\/produit\/shiso-bi-color\/\" \/>\n<meta property=\"og:site_name\" content=\"Chef&#039;s Farm\" \/>\n<meta property=\"article:publisher\" content=\"https:\/\/www.facebook.com\/ChefsFarmAmsterdam\/\" \/>\n<meta property=\"article:modified_time\" content=\"2025-09-02T10:50:34+00:00\" \/>\n<meta property=\"og:image\" content=\"https:\/\/chefsfarm.nl\/wp-content\/uploads\/2023\/11\/GX2344-1-scaled.jpg\" \/>\n\t<meta property=\"og:image:width\" content=\"2560\" \/>\n\t<meta property=\"og:image:height\" content=\"1707\" \/>\n\t<meta property=\"og:image:type\" content=\"image\/jpeg\" \/>\n<meta name=\"twitter:card\" content=\"summary_large_image\" \/>\n<meta name=\"twitter:label1\" content=\"Dur\u00e9e de lecture estim\u00e9e\" \/>\n\t<meta name=\"twitter:data1\" content=\"2 minutes\" \/>\n<script type=\"application\/ld+json\" class=\"yoast-schema-graph\">{\"@context\":\"https:\\\/\\\/schema.org\",\"@graph\":[{\"@type\":\"WebPage\",\"@id\":\"https:\\\/\\\/chefsfarm.nl\\\/product\\\/shiso-bi-color\\\/\",\"url\":\"https:\\\/\\\/chefsfarm.nl\\\/product\\\/shiso-bi-color\\\/\",\"name\":\"SHISO BI COLOR - Chef&#039;s Farm\",\"isPartOf\":{\"@id\":\"https:\\\/\\\/chefsfarm.nl\\\/#website\"},\"primaryImageOfPage\":{\"@id\":\"https:\\\/\\\/chefsfarm.nl\\\/product\\\/shiso-bi-color\\\/#primaryimage\"},\"image\":{\"@id\":\"https:\\\/\\\/chefsfarm.nl\\\/product\\\/shiso-bi-color\\\/#primaryimage\"},\"thumbnailUrl\":\"https:\\\/\\\/chefsfarm.nl\\\/wp-content\\\/uploads\\\/2023\\\/11\\\/GX2344-1-scaled.jpg\",\"datePublished\":\"2023-11-28T16:37:15+00:00\",\"dateModified\":\"2025-09-02T10:50:34+00:00\",\"description\":\"SHISO BI COLOR - Sweet with herbal flavour and a flowery undertone.\",\"breadcrumb\":{\"@id\":\"https:\\\/\\\/chefsfarm.nl\\\/product\\\/shiso-bi-color\\\/#breadcrumb\"},\"inLanguage\":\"fr-FR\",\"potentialAction\":[{\"@type\":\"ReadAction\",\"target\":[\"https:\\\/\\\/chefsfarm.nl\\\/product\\\/shiso-bi-color\\\/\"]}]},{\"@type\":\"ImageObject\",\"inLanguage\":\"fr-FR\",\"@id\":\"https:\\\/\\\/chefsfarm.nl\\\/product\\\/shiso-bi-color\\\/#primaryimage\",\"url\":\"https:\\\/\\\/chefsfarm.nl\\\/wp-content\\\/uploads\\\/2023\\\/11\\\/GX2344-1-scaled.jpg\",\"contentUrl\":\"https:\\\/\\\/chefsfarm.nl\\\/wp-content\\\/uploads\\\/2023\\\/11\\\/GX2344-1-scaled.jpg\",\"width\":2560,\"height\":1707},{\"@type\":\"BreadcrumbList\",\"@id\":\"https:\\\/\\\/chefsfarm.nl\\\/product\\\/shiso-bi-color\\\/#breadcrumb\",\"itemListElement\":[{\"@type\":\"ListItem\",\"position\":1,\"name\":\"Home\",\"item\":\"https:\\\/\\\/chefsfarm.nl\\\/\"},{\"@type\":\"ListItem\",\"position\":2,\"name\":\"Microgreens\",\"item\":\"https:\\\/\\\/chefsfarm.nl\\\/category\\\/microgreens\\\/\"},{\"@type\":\"ListItem\",\"position\":3,\"name\":\"SHISO BI COLOR\"}]},{\"@type\":\"WebSite\",\"@id\":\"https:\\\/\\\/chefsfarm.nl\\\/#website\",\"url\":\"https:\\\/\\\/chefsfarm.nl\\\/\",\"name\":\"Chef&#039;s Farm\",\"description\":\"Get your best quality microgreens, salad mixes and flowers\",\"publisher\":{\"@id\":\"https:\\\/\\\/chefsfarm.nl\\\/#organization\"},\"potentialAction\":[{\"@type\":\"SearchAction\",\"target\":{\"@type\":\"EntryPoint\",\"urlTemplate\":\"https:\\\/\\\/chefsfarm.nl\\\/?s={search_term_string}\"},\"query-input\":{\"@type\":\"PropertyValueSpecification\",\"valueRequired\":true,\"valueName\":\"search_term_string\"}}],\"inLanguage\":\"fr-FR\"},{\"@type\":\"Organization\",\"@id\":\"https:\\\/\\\/chefsfarm.nl\\\/#organization\",\"name\":\"Chef's Farm\",\"alternateName\":\"chefsfarm\",\"url\":\"https:\\\/\\\/chefsfarm.nl\\\/\",\"logo\":{\"@type\":\"ImageObject\",\"inLanguage\":\"fr-FR\",\"@id\":\"https:\\\/\\\/chefsfarm.nl\\\/#\\\/schema\\\/logo\\\/image\\\/\",\"url\":\"https:\\\/\\\/chefsfarm.nl\\\/wp-content\\\/uploads\\\/2022\\\/06\\\/chefsfarm-logo-black.png\",\"contentUrl\":\"https:\\\/\\\/chefsfarm.nl\\\/wp-content\\\/uploads\\\/2022\\\/06\\\/chefsfarm-logo-black.png\",\"width\":1332,\"height\":380,\"caption\":\"Chef's Farm\"},\"image\":{\"@id\":\"https:\\\/\\\/chefsfarm.nl\\\/#\\\/schema\\\/logo\\\/image\\\/\"},\"sameAs\":[\"https:\\\/\\\/www.facebook.com\\\/ChefsFarmAmsterdam\\\/\",\"https:\\\/\\\/www.instagram.com\\\/chefs.farm\\\/\"]}]}<\/script>\n<!-- \/ Yoast SEO plugin. -->","yoast_head_json":{"title":"SHISO BI COLOR - Chef&#039;s Farm","description":"SHISO BI COLOR - Sweet with herbal flavour and a flowery undertone.","robots":{"index":"index","follow":"follow","max-snippet":"max-snippet:-1","max-image-preview":"max-image-preview:large","max-video-preview":"max-video-preview:-1"},"canonical":"https:\/\/chefsfarm.nl\/fr\/produit\/shiso-bi-color\/","og_locale":"fr_FR","og_type":"article","og_title":"SHISO BI COLOR - Chef&#039;s Farm","og_description":"SHISO BI COLOR - Sweet with herbal flavour and a flowery undertone.","og_url":"https:\/\/chefsfarm.nl\/fr\/produit\/shiso-bi-color\/","og_site_name":"Chef&#039;s Farm","article_publisher":"https:\/\/www.facebook.com\/ChefsFarmAmsterdam\/","article_modified_time":"2025-09-02T10:50:34+00:00","og_image":[{"width":2560,"height":1707,"url":"https:\/\/chefsfarm.nl\/wp-content\/uploads\/2023\/11\/GX2344-1-scaled.jpg","type":"image\/jpeg"}],"twitter_card":"summary_large_image","twitter_misc":{"Dur\u00e9e de lecture estim\u00e9e":"2 minutes"},"schema":{"@context":"https:\/\/schema.org","@graph":[{"@type":"WebPage","@id":"https:\/\/chefsfarm.nl\/product\/shiso-bi-color\/","url":"https:\/\/chefsfarm.nl\/product\/shiso-bi-color\/","name":"SHISO BI COLOR - Chef&#039;s Farm","isPartOf":{"@id":"https:\/\/chefsfarm.nl\/#website"},"primaryImageOfPage":{"@id":"https:\/\/chefsfarm.nl\/product\/shiso-bi-color\/#primaryimage"},"image":{"@id":"https:\/\/chefsfarm.nl\/product\/shiso-bi-color\/#primaryimage"},"thumbnailUrl":"https:\/\/chefsfarm.nl\/wp-content\/uploads\/2023\/11\/GX2344-1-scaled.jpg","datePublished":"2023-11-28T16:37:15+00:00","dateModified":"2025-09-02T10:50:34+00:00","description":"SHISO BI COLOR - Sweet with herbal flavour and a flowery undertone.","breadcrumb":{"@id":"https:\/\/chefsfarm.nl\/product\/shiso-bi-color\/#breadcrumb"},"inLanguage":"fr-FR","potentialAction":[{"@type":"ReadAction","target":["https:\/\/chefsfarm.nl\/product\/shiso-bi-color\/"]}]},{"@type":"ImageObject","inLanguage":"fr-FR","@id":"https:\/\/chefsfarm.nl\/product\/shiso-bi-color\/#primaryimage","url":"https:\/\/chefsfarm.nl\/wp-content\/uploads\/2023\/11\/GX2344-1-scaled.jpg","contentUrl":"https:\/\/chefsfarm.nl\/wp-content\/uploads\/2023\/11\/GX2344-1-scaled.jpg","width":2560,"height":1707},{"@type":"BreadcrumbList","@id":"https:\/\/chefsfarm.nl\/product\/shiso-bi-color\/#breadcrumb","itemListElement":[{"@type":"ListItem","position":1,"name":"Home","item":"https:\/\/chefsfarm.nl\/"},{"@type":"ListItem","position":2,"name":"Microgreens","item":"https:\/\/chefsfarm.nl\/category\/microgreens\/"},{"@type":"ListItem","position":3,"name":"SHISO BI COLOR"}]},{"@type":"WebSite","@id":"https:\/\/chefsfarm.nl\/#website","url":"https:\/\/chefsfarm.nl\/","name":"La Ferme du Chef","description":"Obtenez vos micro-pousses, salades m\u00e9lang\u00e9es et fleurs de la meilleure qualit\u00e9","publisher":{"@id":"https:\/\/chefsfarm.nl\/#organization"},"potentialAction":[{"@type":"SearchAction","target":{"@type":"EntryPoint","urlTemplate":"https:\/\/chefsfarm.nl\/?s={search_term_string}"},"query-input":{"@type":"PropertyValueSpecification","valueRequired":true,"valueName":"search_term_string"}}],"inLanguage":"fr-FR"},{"@type":"Organization","@id":"https:\/\/chefsfarm.nl\/#organization","name":"La Ferme du Chef","alternateName":"chefsfarm","url":"https:\/\/chefsfarm.nl\/","logo":{"@type":"ImageObject","inLanguage":"fr-FR","@id":"https:\/\/chefsfarm.nl\/#\/schema\/logo\/image\/","url":"https:\/\/chefsfarm.nl\/wp-content\/uploads\/2022\/06\/chefsfarm-logo-black.png","contentUrl":"https:\/\/chefsfarm.nl\/wp-content\/uploads\/2022\/06\/chefsfarm-logo-black.png","width":1332,"height":380,"caption":"Chef's Farm"},"image":{"@id":"https:\/\/chefsfarm.nl\/#\/schema\/logo\/image\/"},"sameAs":["https:\/\/www.facebook.com\/ChefsFarmAmsterdam\/","https:\/\/www.instagram.com\/chefs.farm\/"]}]}},"_links":{"self":[{"href":"https:\/\/chefsfarm.nl\/fr\/wp-json\/wp\/v2\/product\/10000","targetHints":{"allow":["GET"]}}],"collection":[{"href":"https:\/\/chefsfarm.nl\/fr\/wp-json\/wp\/v2\/product"}],"about":[{"href":"https:\/\/chefsfarm.nl\/fr\/wp-json\/wp\/v2\/types\/product"}],"version-history":[{"count":0,"href":"https:\/\/chefsfarm.nl\/fr\/wp-json\/wp\/v2\/product\/10000\/revisions"}],"wp:featuredmedia":[{"embeddable":true,"href":"https:\/\/chefsfarm.nl\/fr\/wp-json\/wp\/v2\/media\/10001"}],"wp:attachment":[{"href":"https:\/\/chefsfarm.nl\/fr\/wp-json\/wp\/v2\/media?parent=10000"}],"wp:term":[{"taxonomy":"category","embeddable":true,"href":"https:\/\/chefsfarm.nl\/fr\/wp-json\/wp\/v2\/categories?post=10000"},{"taxonomy":"post_tag","embeddable":true,"href":"https:\/\/chefsfarm.nl\/fr\/wp-json\/wp\/v2\/tags?post=10000"}],"curies":[{"name":"wp","href":"https:\/\/api.w.org\/{rel}","templated":true}]}}