{"id":10004,"date":"2023-11-28T16:42:16","date_gmt":"2023-11-28T16:42:16","guid":{"rendered":"https:\/\/www.chefsfarm.nl\/?post_type=product&#038;p=10004"},"modified":"2025-09-02T10:32:26","modified_gmt":"2025-09-02T10:32:26","slug":"black-kale","status":"publish","type":"product","link":"https:\/\/chefsfarm.nl\/fr\/product\/black-kale\/","title":{"rendered":"BLACK KALE"},"content":{"rendered":"<p><br><strong>Black Kale<\/strong><\/p>\n\n\n\n<p>Black Kale, also known as&nbsp;<em>Cavolo Nero<\/em>&nbsp;or Tuscan kale, is a dark, leafy green with a striking deep green to almost black color. This robust vegetable is cherished for its fresh, slightly bitter taste, balanced by a subtle sweetness. Its unique flavor and texture make it a good fit with both traditional as well as modern cuisines.<\/p>\n\n\n\n<p><strong>History and Fun Facts<\/strong><\/p>\n\n\n\n<p>Black Kale has its roots in Italy, where it has been a staple in Tuscan cooking for centuries, even millennia, as the ancient Romans already loved it. Black kale is often called a &#8220;superfood&#8221; because it&#8217;s packed with nutrients like vitamin C, vitamin K, and antioxidants.<\/p>\n\n\n\n<p>Often referred to as \u201cdinosaur kale\u201d due to its bumpy, rugged texture, it has long been valued for its nutritional richness and versatility. In Italy, it is commonly used in comfy food dishes such as soups, stews, and the classic&nbsp;<em>ribollita<\/em>, a traditional Tuscan soup. Today, Black Kale is widely grown around the world and loved for its bold flavor and ability to complement a wide range of dishes.<\/p>\n\n\n\n<p><strong>Culinary Uses<\/strong><\/p>\n\n\n\n<p>Black Kale&#8217;s slightly bitter yet sweet flavor makes it a versatile ingredient in the kitchen. Its firm texture holds up well in soups and stews, where the bitterness mellows, and the sweetness comes forward. It can also be saut\u00e9ed, roasted, or used raw in salads and smoothies. When roasted, the leaves crisp up beautifully, offering a satisfying crunch. Black Kale pairs wonderfully with ingredients like garlic, lemon, and olive oil, contributing to its complex flavors.<\/p>\n\n\n\n<p>You can see how <a href=\"https:\/\/www.bloemendaeltje.nl\">Bistro t\u2019 Bloemendaeltje<\/a> used our Black kale in their Bietstuk dish. Combining the beet with mushrooms, macadamia, truffle and pinecone, our kale is the perfect addition to this earthy dish.\u00a0<\/p>\n\n\n\n<p><strong>Black Kale Attributes<\/strong><\/p>\n\n\n\n<ul class=\"wp-block-list\">\n<li>Dark green to almost black leaves<\/li>\n\n\n\n<li>Fresh, slightly bitter taste with a hint of sweetness<\/li>\n\n\n\n<li>Can be used raw in salads or smoothies for added texture and flavor<\/li>\n\n\n\n<li>Excellent to compliment earthy dishes<\/li>\n\n\n\n<li>A rich source of vitamins and antioxidants, adding both flavor and health benefits to meals<\/li>\n<\/ul>","protected":false},"excerpt":{"rendered":"<p>Fresh bitter taste with a sweet hint.<\/p>","protected":false},"featured_media":10005,"template":"","meta":{"_acf_changed":true},"categories":[234,171],"tags":[245,200,166,208],"class_list":["post-10004","product","type-product","status-publish","has-post-thumbnail","hentry","category-kale","category-microgreens","tag-black","tag-crispy","tag-fresh","tag-kale"],"acf":[],"yoast_head":"<!-- This site is optimized with the Yoast SEO plugin v27.6 - https:\/\/yoast.com\/product\/yoast-seo-wordpress\/ -->\n<title>BLACK KALE - Chef&#039;s Farm<\/title>\n<meta name=\"description\" content=\"BLACK KALE - Fresh bitter taste with a sweet hint.\" \/>\n<meta name=\"robots\" content=\"index, follow, max-snippet:-1, max-image-preview:large, max-video-preview:-1\" \/>\n<link rel=\"canonical\" href=\"https:\/\/chefsfarm.nl\/fr\/produit\/black-kale\/\" \/>\n<meta property=\"og:locale\" content=\"fr_FR\" \/>\n<meta property=\"og:type\" content=\"article\" \/>\n<meta property=\"og:title\" content=\"BLACK KALE - Chef&#039;s Farm\" \/>\n<meta property=\"og:description\" content=\"BLACK KALE - Fresh bitter taste with a sweet hint.\" \/>\n<meta property=\"og:url\" content=\"https:\/\/chefsfarm.nl\/fr\/produit\/black-kale\/\" \/>\n<meta property=\"og:site_name\" content=\"Chef&#039;s Farm\" \/>\n<meta property=\"article:publisher\" content=\"https:\/\/www.facebook.com\/ChefsFarmAmsterdam\/\" \/>\n<meta property=\"article:modified_time\" content=\"2025-09-02T10:32:26+00:00\" \/>\n<meta property=\"og:image\" content=\"https:\/\/chefsfarm.nl\/wp-content\/uploads\/2023\/11\/GROW-Y-161-scaled.jpg\" \/>\n\t<meta property=\"og:image:width\" content=\"2560\" \/>\n\t<meta property=\"og:image:height\" content=\"1707\" \/>\n\t<meta property=\"og:image:type\" content=\"image\/jpeg\" \/>\n<meta name=\"twitter:card\" content=\"summary_large_image\" \/>\n<meta name=\"twitter:label1\" content=\"Dur\u00e9e de lecture estim\u00e9e\" \/>\n\t<meta name=\"twitter:data1\" content=\"2 minutes\" \/>\n<script type=\"application\/ld+json\" class=\"yoast-schema-graph\">{\"@context\":\"https:\\\/\\\/schema.org\",\"@graph\":[{\"@type\":\"WebPage\",\"@id\":\"https:\\\/\\\/chefsfarm.nl\\\/product\\\/black-kale\\\/\",\"url\":\"https:\\\/\\\/chefsfarm.nl\\\/product\\\/black-kale\\\/\",\"name\":\"BLACK KALE - Chef&#039;s Farm\",\"isPartOf\":{\"@id\":\"https:\\\/\\\/chefsfarm.nl\\\/#website\"},\"primaryImageOfPage\":{\"@id\":\"https:\\\/\\\/chefsfarm.nl\\\/product\\\/black-kale\\\/#primaryimage\"},\"image\":{\"@id\":\"https:\\\/\\\/chefsfarm.nl\\\/product\\\/black-kale\\\/#primaryimage\"},\"thumbnailUrl\":\"https:\\\/\\\/chefsfarm.nl\\\/wp-content\\\/uploads\\\/2023\\\/11\\\/GROW-Y-161-scaled.jpg\",\"datePublished\":\"2023-11-28T16:42:16+00:00\",\"dateModified\":\"2025-09-02T10:32:26+00:00\",\"description\":\"BLACK KALE - Fresh bitter taste with a sweet hint.\",\"breadcrumb\":{\"@id\":\"https:\\\/\\\/chefsfarm.nl\\\/product\\\/black-kale\\\/#breadcrumb\"},\"inLanguage\":\"fr-FR\",\"potentialAction\":[{\"@type\":\"ReadAction\",\"target\":[\"https:\\\/\\\/chefsfarm.nl\\\/product\\\/black-kale\\\/\"]}]},{\"@type\":\"ImageObject\",\"inLanguage\":\"fr-FR\",\"@id\":\"https:\\\/\\\/chefsfarm.nl\\\/product\\\/black-kale\\\/#primaryimage\",\"url\":\"https:\\\/\\\/chefsfarm.nl\\\/wp-content\\\/uploads\\\/2023\\\/11\\\/GROW-Y-161-scaled.jpg\",\"contentUrl\":\"https:\\\/\\\/chefsfarm.nl\\\/wp-content\\\/uploads\\\/2023\\\/11\\\/GROW-Y-161-scaled.jpg\",\"width\":2560,\"height\":1707},{\"@type\":\"BreadcrumbList\",\"@id\":\"https:\\\/\\\/chefsfarm.nl\\\/product\\\/black-kale\\\/#breadcrumb\",\"itemListElement\":[{\"@type\":\"ListItem\",\"position\":1,\"name\":\"Home\",\"item\":\"https:\\\/\\\/chefsfarm.nl\\\/\"},{\"@type\":\"ListItem\",\"position\":2,\"name\":\"Microgreens\",\"item\":\"https:\\\/\\\/chefsfarm.nl\\\/category\\\/microgreens\\\/\"},{\"@type\":\"ListItem\",\"position\":3,\"name\":\"BLACK KALE\"}]},{\"@type\":\"WebSite\",\"@id\":\"https:\\\/\\\/chefsfarm.nl\\\/#website\",\"url\":\"https:\\\/\\\/chefsfarm.nl\\\/\",\"name\":\"Chef&#039;s Farm\",\"description\":\"Get your best quality microgreens, salad mixes and flowers\",\"publisher\":{\"@id\":\"https:\\\/\\\/chefsfarm.nl\\\/#organization\"},\"potentialAction\":[{\"@type\":\"SearchAction\",\"target\":{\"@type\":\"EntryPoint\",\"urlTemplate\":\"https:\\\/\\\/chefsfarm.nl\\\/?s={search_term_string}\"},\"query-input\":{\"@type\":\"PropertyValueSpecification\",\"valueRequired\":true,\"valueName\":\"search_term_string\"}}],\"inLanguage\":\"fr-FR\"},{\"@type\":\"Organization\",\"@id\":\"https:\\\/\\\/chefsfarm.nl\\\/#organization\",\"name\":\"Chef's Farm\",\"alternateName\":\"chefsfarm\",\"url\":\"https:\\\/\\\/chefsfarm.nl\\\/\",\"logo\":{\"@type\":\"ImageObject\",\"inLanguage\":\"fr-FR\",\"@id\":\"https:\\\/\\\/chefsfarm.nl\\\/#\\\/schema\\\/logo\\\/image\\\/\",\"url\":\"https:\\\/\\\/chefsfarm.nl\\\/wp-content\\\/uploads\\\/2022\\\/06\\\/chefsfarm-logo-black.png\",\"contentUrl\":\"https:\\\/\\\/chefsfarm.nl\\\/wp-content\\\/uploads\\\/2022\\\/06\\\/chefsfarm-logo-black.png\",\"width\":1332,\"height\":380,\"caption\":\"Chef's Farm\"},\"image\":{\"@id\":\"https:\\\/\\\/chefsfarm.nl\\\/#\\\/schema\\\/logo\\\/image\\\/\"},\"sameAs\":[\"https:\\\/\\\/www.facebook.com\\\/ChefsFarmAmsterdam\\\/\",\"https:\\\/\\\/www.instagram.com\\\/chefs.farm\\\/\"]}]}<\/script>\n<!-- \/ Yoast SEO plugin. -->","yoast_head_json":{"title":"BLACK KALE - Chef&#039;s Farm","description":"BLACK KALE - Fresh bitter taste with a sweet hint.","robots":{"index":"index","follow":"follow","max-snippet":"max-snippet:-1","max-image-preview":"max-image-preview:large","max-video-preview":"max-video-preview:-1"},"canonical":"https:\/\/chefsfarm.nl\/fr\/produit\/black-kale\/","og_locale":"fr_FR","og_type":"article","og_title":"BLACK KALE - Chef&#039;s Farm","og_description":"BLACK KALE - Fresh bitter taste with a sweet hint.","og_url":"https:\/\/chefsfarm.nl\/fr\/produit\/black-kale\/","og_site_name":"Chef&#039;s Farm","article_publisher":"https:\/\/www.facebook.com\/ChefsFarmAmsterdam\/","article_modified_time":"2025-09-02T10:32:26+00:00","og_image":[{"width":2560,"height":1707,"url":"https:\/\/chefsfarm.nl\/wp-content\/uploads\/2023\/11\/GROW-Y-161-scaled.jpg","type":"image\/jpeg"}],"twitter_card":"summary_large_image","twitter_misc":{"Dur\u00e9e de lecture estim\u00e9e":"2 minutes"},"schema":{"@context":"https:\/\/schema.org","@graph":[{"@type":"WebPage","@id":"https:\/\/chefsfarm.nl\/product\/black-kale\/","url":"https:\/\/chefsfarm.nl\/product\/black-kale\/","name":"BLACK KALE - Chef&#039;s Farm","isPartOf":{"@id":"https:\/\/chefsfarm.nl\/#website"},"primaryImageOfPage":{"@id":"https:\/\/chefsfarm.nl\/product\/black-kale\/#primaryimage"},"image":{"@id":"https:\/\/chefsfarm.nl\/product\/black-kale\/#primaryimage"},"thumbnailUrl":"https:\/\/chefsfarm.nl\/wp-content\/uploads\/2023\/11\/GROW-Y-161-scaled.jpg","datePublished":"2023-11-28T16:42:16+00:00","dateModified":"2025-09-02T10:32:26+00:00","description":"BLACK KALE - Fresh bitter taste with a sweet hint.","breadcrumb":{"@id":"https:\/\/chefsfarm.nl\/product\/black-kale\/#breadcrumb"},"inLanguage":"fr-FR","potentialAction":[{"@type":"ReadAction","target":["https:\/\/chefsfarm.nl\/product\/black-kale\/"]}]},{"@type":"ImageObject","inLanguage":"fr-FR","@id":"https:\/\/chefsfarm.nl\/product\/black-kale\/#primaryimage","url":"https:\/\/chefsfarm.nl\/wp-content\/uploads\/2023\/11\/GROW-Y-161-scaled.jpg","contentUrl":"https:\/\/chefsfarm.nl\/wp-content\/uploads\/2023\/11\/GROW-Y-161-scaled.jpg","width":2560,"height":1707},{"@type":"BreadcrumbList","@id":"https:\/\/chefsfarm.nl\/product\/black-kale\/#breadcrumb","itemListElement":[{"@type":"ListItem","position":1,"name":"Home","item":"https:\/\/chefsfarm.nl\/"},{"@type":"ListItem","position":2,"name":"Microgreens","item":"https:\/\/chefsfarm.nl\/category\/microgreens\/"},{"@type":"ListItem","position":3,"name":"BLACK KALE"}]},{"@type":"WebSite","@id":"https:\/\/chefsfarm.nl\/#website","url":"https:\/\/chefsfarm.nl\/","name":"La Ferme du Chef","description":"Obtenez vos micro-pousses, salades m\u00e9lang\u00e9es et fleurs de la meilleure qualit\u00e9","publisher":{"@id":"https:\/\/chefsfarm.nl\/#organization"},"potentialAction":[{"@type":"SearchAction","target":{"@type":"EntryPoint","urlTemplate":"https:\/\/chefsfarm.nl\/?s={search_term_string}"},"query-input":{"@type":"PropertyValueSpecification","valueRequired":true,"valueName":"search_term_string"}}],"inLanguage":"fr-FR"},{"@type":"Organization","@id":"https:\/\/chefsfarm.nl\/#organization","name":"La Ferme du Chef","alternateName":"chefsfarm","url":"https:\/\/chefsfarm.nl\/","logo":{"@type":"ImageObject","inLanguage":"fr-FR","@id":"https:\/\/chefsfarm.nl\/#\/schema\/logo\/image\/","url":"https:\/\/chefsfarm.nl\/wp-content\/uploads\/2022\/06\/chefsfarm-logo-black.png","contentUrl":"https:\/\/chefsfarm.nl\/wp-content\/uploads\/2022\/06\/chefsfarm-logo-black.png","width":1332,"height":380,"caption":"Chef's Farm"},"image":{"@id":"https:\/\/chefsfarm.nl\/#\/schema\/logo\/image\/"},"sameAs":["https:\/\/www.facebook.com\/ChefsFarmAmsterdam\/","https:\/\/www.instagram.com\/chefs.farm\/"]}]}},"_links":{"self":[{"href":"https:\/\/chefsfarm.nl\/fr\/wp-json\/wp\/v2\/product\/10004","targetHints":{"allow":["GET"]}}],"collection":[{"href":"https:\/\/chefsfarm.nl\/fr\/wp-json\/wp\/v2\/product"}],"about":[{"href":"https:\/\/chefsfarm.nl\/fr\/wp-json\/wp\/v2\/types\/product"}],"version-history":[{"count":0,"href":"https:\/\/chefsfarm.nl\/fr\/wp-json\/wp\/v2\/product\/10004\/revisions"}],"wp:featuredmedia":[{"embeddable":true,"href":"https:\/\/chefsfarm.nl\/fr\/wp-json\/wp\/v2\/media\/10005"}],"wp:attachment":[{"href":"https:\/\/chefsfarm.nl\/fr\/wp-json\/wp\/v2\/media?parent=10004"}],"wp:term":[{"taxonomy":"category","embeddable":true,"href":"https:\/\/chefsfarm.nl\/fr\/wp-json\/wp\/v2\/categories?post=10004"},{"taxonomy":"post_tag","embeddable":true,"href":"https:\/\/chefsfarm.nl\/fr\/wp-json\/wp\/v2\/tags?post=10004"}],"curies":[{"name":"wp","href":"https:\/\/api.w.org\/{rel}","templated":true}]}}