{"id":6541,"date":"2022-06-20T09:46:14","date_gmt":"2022-06-20T09:46:14","guid":{"rendered":"http:\/\/localhost:8888\/wordpress\/?post_type=product&#038;p=6541"},"modified":"2025-09-03T06:22:33","modified_gmt":"2025-09-03T06:22:33","slug":"micro-thijm","status":"publish","type":"product","link":"https:\/\/chefsfarm.nl\/fr\/product\/micro-thijm\/","title":{"rendered":"MICRO THYME"},"content":{"rendered":"<p><span data-contrast=\"auto\">Micro Thyme\u00a0<\/span><span data-contrast=\"auto\">has a beautiful and very strong taste.\u00a0<\/span><span data-contrast=\"auto\">You can smell this herb from meters away. This aromatic herb is well known and used a lot in many different kitchens. <\/span><span data-contrast=\"auto\">This member of the mint family has\u00a0<\/span><span data-contrast=\"auto\">an outspoken taste\u00a0<\/span><span data-contrast=\"auto\">and beautiful leaves\u00a0<\/span><span data-contrast=\"auto\">with deep green\u00a0<\/span><span data-contrast=\"auto\">tops\u00a0<\/span><span data-contrast=\"auto\">and\u00a0<\/span><span data-contrast=\"auto\">bright pink\u00a0<\/span><span data-contrast=\"auto\">bottoms.\u00a0<\/span><span data-contrast=\"auto\">Originating in de Mediterranean<\/span><span data-contrast=\"auto\">, it has long been used by the Greeks and Romans.\u00a0<\/span><span data-contrast=\"auto\">They associated thyme with courage, bravery and strength<\/span><span data-contrast=\"auto\">, gifting each other sprigs of thyme\u00a0<\/span><span data-contrast=\"auto\">to show<\/span><span data-contrast=\"auto\">\u00a0respect<\/span><span data-contrast=\"auto\">.\u00a0<\/span><span data-contrast=\"auto\">It was also used a lot\u00a0<\/span><span data-contrast=\"auto\">to make an<\/span><span data-contrast=\"auto\">\u00a0oil<\/span><span data-contrast=\"auto\">\u00a0for medicinal use or even embalming<\/span><span data-contrast=\"auto\">\u00a0by Egyptians.<\/span><span data-contrast=\"auto\">\u00a0<\/span><span data-ccp-props=\"{}\">\u00a0<\/span><span data-ccp-props=\"{}\">\u00a0<\/span><\/p>\n<p><span data-contrast=\"auto\">Thyme was also used by the Romans around their houses a lot. They burned it to\u00a0<\/span><span data-contrast=\"auto\">purify their homes and to\u00a0<\/span><span data-contrast=\"auto\">give their house\u00a0<\/span><span data-contrast=\"auto\">the aromatic flavour of liquors or foods like cheese. In the middle ages, thyme was even put underneath pill<\/span><span data-contrast=\"auto\">ows\u00a0<\/span><span data-contrast=\"auto\">to ward off nightmares.\u00a0<\/span><span data-ccp-props=\"{}\">\u00a0<\/span><\/p>\n<p><span data-contrast=\"auto\">This microgreen pairs well with a lot of dishes. It goes really well with a roast meat or potatoes. It can also\u00a0<\/span><span data-contrast=\"auto\">compliment a fish\u00a0<\/span><span data-contrast=\"auto\">or veggie dish really well. It really gives that nice herbal taste to your dish<\/span><span data-contrast=\"auto\">, and also a pop of colour.\u00a0<\/span><span data-contrast=\"auto\">And if garnishes aren\u2019t your thing, this Micro Thyme can be used for its strong flavour to infuse a sauce or oil.<\/span><\/p>\n<p><span data-contrast=\"auto\">Micro Thyme\u00a0<\/span><span data-contrast=\"auto\">is a popular herb with a strong herbal and earthy flavour. It has a distinct flavour that almost everyone will recognise.<\/span><\/p>","protected":false},"excerpt":{"rendered":"<p>Micro Thyme\u00a0has a beautiful and very strong taste.\u00a0You can smell this herb from meters away. This aromatic herb is well known and used a lot in many different kitchens. This member of the mint family has\u00a0an outspoken taste\u00a0and beautiful leaves\u00a0with deep green\u00a0tops\u00a0and\u00a0bright pink\u00a0bottoms.\u00a0Originating in de Mediterranean, it has long been used by the Greeks and Romans.\u00a0They associated thyme with courage, bravery and strength, gifting each other sprigs of thyme\u00a0to show\u00a0respect.\u00a0It was also used a lot\u00a0to make an\u00a0oil\u00a0for medicinal use or even embalming\u00a0by Egyptians.\u00a0\u00a0\u00a0<\/p>","protected":false},"featured_media":6542,"template":"","meta":{"_acf_changed":true},"categories":[170,171],"tags":[242,169,28,167,180],"class_list":["post-6541","product","type-product","status-publish","has-post-thumbnail","hentry","category-classic","category-microgreens","tag-classics","tag-earthy","tag-green","tag-herbal","tag-pink"],"acf":[],"yoast_head":"<!-- This site is optimized with the Yoast SEO plugin v27.6 - https:\/\/yoast.com\/product\/yoast-seo-wordpress\/ -->\n<title>MICRO THYME - Chef&#039;s Farm<\/title>\n<meta name=\"description\" content=\"Micro Thyme has a beautiful and very strong taste. You can smell this herb from meters away.\" \/>\n<meta name=\"robots\" content=\"index, follow, max-snippet:-1, max-image-preview:large, max-video-preview:-1\" \/>\n<link rel=\"canonical\" href=\"https:\/\/chefsfarm.nl\/fr\/produit\/micro-thijm\/\" \/>\n<meta property=\"og:locale\" content=\"fr_FR\" \/>\n<meta property=\"og:type\" content=\"article\" \/>\n<meta property=\"og:title\" content=\"MICRO THYME - Chef&#039;s Farm\" \/>\n<meta property=\"og:description\" content=\"Micro Thyme has a beautiful and very strong taste. You can smell this herb from meters away.\" \/>\n<meta property=\"og:url\" content=\"https:\/\/chefsfarm.nl\/fr\/produit\/micro-thijm\/\" \/>\n<meta property=\"og:site_name\" content=\"Chef&#039;s Farm\" \/>\n<meta property=\"article:publisher\" content=\"https:\/\/www.facebook.com\/ChefsFarmAmsterdam\/\" \/>\n<meta property=\"article:modified_time\" content=\"2025-09-03T06:22:33+00:00\" \/>\n<meta property=\"og:image\" content=\"https:\/\/chefsfarm.nl\/wp-content\/uploads\/2022\/06\/GX2349-1-scaled.jpg\" \/>\n\t<meta property=\"og:image:width\" content=\"2560\" \/>\n\t<meta property=\"og:image:height\" content=\"1707\" \/>\n\t<meta property=\"og:image:type\" content=\"image\/jpeg\" \/>\n<meta name=\"twitter:card\" content=\"summary_large_image\" \/>\n<meta name=\"twitter:label1\" content=\"Dur\u00e9e de lecture estim\u00e9e\" \/>\n\t<meta name=\"twitter:data1\" content=\"2 minutes\" \/>\n<script type=\"application\/ld+json\" class=\"yoast-schema-graph\">{\"@context\":\"https:\\\/\\\/schema.org\",\"@graph\":[{\"@type\":\"WebPage\",\"@id\":\"https:\\\/\\\/chefsfarm.nl\\\/product\\\/micro-thijm\\\/\",\"url\":\"https:\\\/\\\/chefsfarm.nl\\\/product\\\/micro-thijm\\\/\",\"name\":\"MICRO THYME - Chef&#039;s Farm\",\"isPartOf\":{\"@id\":\"https:\\\/\\\/chefsfarm.nl\\\/#website\"},\"primaryImageOfPage\":{\"@id\":\"https:\\\/\\\/chefsfarm.nl\\\/product\\\/micro-thijm\\\/#primaryimage\"},\"image\":{\"@id\":\"https:\\\/\\\/chefsfarm.nl\\\/product\\\/micro-thijm\\\/#primaryimage\"},\"thumbnailUrl\":\"https:\\\/\\\/chefsfarm.nl\\\/wp-content\\\/uploads\\\/2022\\\/06\\\/GX2349-1-scaled.jpg\",\"datePublished\":\"2022-06-20T09:46:14+00:00\",\"dateModified\":\"2025-09-03T06:22:33+00:00\",\"description\":\"Micro Thyme has a beautiful and very strong taste. You can smell this herb from meters away.\",\"breadcrumb\":{\"@id\":\"https:\\\/\\\/chefsfarm.nl\\\/product\\\/micro-thijm\\\/#breadcrumb\"},\"inLanguage\":\"fr-FR\",\"potentialAction\":[{\"@type\":\"ReadAction\",\"target\":[\"https:\\\/\\\/chefsfarm.nl\\\/product\\\/micro-thijm\\\/\"]}]},{\"@type\":\"ImageObject\",\"inLanguage\":\"fr-FR\",\"@id\":\"https:\\\/\\\/chefsfarm.nl\\\/product\\\/micro-thijm\\\/#primaryimage\",\"url\":\"https:\\\/\\\/chefsfarm.nl\\\/wp-content\\\/uploads\\\/2022\\\/06\\\/GX2349-1-scaled.jpg\",\"contentUrl\":\"https:\\\/\\\/chefsfarm.nl\\\/wp-content\\\/uploads\\\/2022\\\/06\\\/GX2349-1-scaled.jpg\",\"width\":2560,\"height\":1707},{\"@type\":\"BreadcrumbList\",\"@id\":\"https:\\\/\\\/chefsfarm.nl\\\/product\\\/micro-thijm\\\/#breadcrumb\",\"itemListElement\":[{\"@type\":\"ListItem\",\"position\":1,\"name\":\"Home\",\"item\":\"https:\\\/\\\/chefsfarm.nl\\\/\"},{\"@type\":\"ListItem\",\"position\":2,\"name\":\"Microgreens\",\"item\":\"https:\\\/\\\/chefsfarm.nl\\\/category\\\/microgreens\\\/\"},{\"@type\":\"ListItem\",\"position\":3,\"name\":\"MICRO THYME\"}]},{\"@type\":\"WebSite\",\"@id\":\"https:\\\/\\\/chefsfarm.nl\\\/#website\",\"url\":\"https:\\\/\\\/chefsfarm.nl\\\/\",\"name\":\"Chef&#039;s Farm\",\"description\":\"Get your best quality microgreens, salad mixes and flowers\",\"publisher\":{\"@id\":\"https:\\\/\\\/chefsfarm.nl\\\/#organization\"},\"potentialAction\":[{\"@type\":\"SearchAction\",\"target\":{\"@type\":\"EntryPoint\",\"urlTemplate\":\"https:\\\/\\\/chefsfarm.nl\\\/?s={search_term_string}\"},\"query-input\":{\"@type\":\"PropertyValueSpecification\",\"valueRequired\":true,\"valueName\":\"search_term_string\"}}],\"inLanguage\":\"fr-FR\"},{\"@type\":\"Organization\",\"@id\":\"https:\\\/\\\/chefsfarm.nl\\\/#organization\",\"name\":\"Chef's Farm\",\"alternateName\":\"chefsfarm\",\"url\":\"https:\\\/\\\/chefsfarm.nl\\\/\",\"logo\":{\"@type\":\"ImageObject\",\"inLanguage\":\"fr-FR\",\"@id\":\"https:\\\/\\\/chefsfarm.nl\\\/#\\\/schema\\\/logo\\\/image\\\/\",\"url\":\"https:\\\/\\\/chefsfarm.nl\\\/wp-content\\\/uploads\\\/2022\\\/06\\\/chefsfarm-logo-black.png\",\"contentUrl\":\"https:\\\/\\\/chefsfarm.nl\\\/wp-content\\\/uploads\\\/2022\\\/06\\\/chefsfarm-logo-black.png\",\"width\":1332,\"height\":380,\"caption\":\"Chef's Farm\"},\"image\":{\"@id\":\"https:\\\/\\\/chefsfarm.nl\\\/#\\\/schema\\\/logo\\\/image\\\/\"},\"sameAs\":[\"https:\\\/\\\/www.facebook.com\\\/ChefsFarmAmsterdam\\\/\",\"https:\\\/\\\/www.instagram.com\\\/chefs.farm\\\/\"]}]}<\/script>\n<!-- \/ Yoast SEO plugin. -->","yoast_head_json":{"title":"MICRO THYME - Chef&#039;s Farm","description":"Micro Thyme has a beautiful and very strong taste. You can smell this herb from meters away.","robots":{"index":"index","follow":"follow","max-snippet":"max-snippet:-1","max-image-preview":"max-image-preview:large","max-video-preview":"max-video-preview:-1"},"canonical":"https:\/\/chefsfarm.nl\/fr\/produit\/micro-thijm\/","og_locale":"fr_FR","og_type":"article","og_title":"MICRO THYME - Chef&#039;s Farm","og_description":"Micro Thyme has a beautiful and very strong taste. You can smell this herb from meters away.","og_url":"https:\/\/chefsfarm.nl\/fr\/produit\/micro-thijm\/","og_site_name":"Chef&#039;s Farm","article_publisher":"https:\/\/www.facebook.com\/ChefsFarmAmsterdam\/","article_modified_time":"2025-09-03T06:22:33+00:00","og_image":[{"width":2560,"height":1707,"url":"https:\/\/chefsfarm.nl\/wp-content\/uploads\/2022\/06\/GX2349-1-scaled.jpg","type":"image\/jpeg"}],"twitter_card":"summary_large_image","twitter_misc":{"Dur\u00e9e de lecture estim\u00e9e":"2 minutes"},"schema":{"@context":"https:\/\/schema.org","@graph":[{"@type":"WebPage","@id":"https:\/\/chefsfarm.nl\/product\/micro-thijm\/","url":"https:\/\/chefsfarm.nl\/product\/micro-thijm\/","name":"MICRO THYME - Chef&#039;s Farm","isPartOf":{"@id":"https:\/\/chefsfarm.nl\/#website"},"primaryImageOfPage":{"@id":"https:\/\/chefsfarm.nl\/product\/micro-thijm\/#primaryimage"},"image":{"@id":"https:\/\/chefsfarm.nl\/product\/micro-thijm\/#primaryimage"},"thumbnailUrl":"https:\/\/chefsfarm.nl\/wp-content\/uploads\/2022\/06\/GX2349-1-scaled.jpg","datePublished":"2022-06-20T09:46:14+00:00","dateModified":"2025-09-03T06:22:33+00:00","description":"Micro Thyme has a beautiful and very strong taste. You can smell this herb from meters away.","breadcrumb":{"@id":"https:\/\/chefsfarm.nl\/product\/micro-thijm\/#breadcrumb"},"inLanguage":"fr-FR","potentialAction":[{"@type":"ReadAction","target":["https:\/\/chefsfarm.nl\/product\/micro-thijm\/"]}]},{"@type":"ImageObject","inLanguage":"fr-FR","@id":"https:\/\/chefsfarm.nl\/product\/micro-thijm\/#primaryimage","url":"https:\/\/chefsfarm.nl\/wp-content\/uploads\/2022\/06\/GX2349-1-scaled.jpg","contentUrl":"https:\/\/chefsfarm.nl\/wp-content\/uploads\/2022\/06\/GX2349-1-scaled.jpg","width":2560,"height":1707},{"@type":"BreadcrumbList","@id":"https:\/\/chefsfarm.nl\/product\/micro-thijm\/#breadcrumb","itemListElement":[{"@type":"ListItem","position":1,"name":"Home","item":"https:\/\/chefsfarm.nl\/"},{"@type":"ListItem","position":2,"name":"Microgreens","item":"https:\/\/chefsfarm.nl\/category\/microgreens\/"},{"@type":"ListItem","position":3,"name":"MICRO THYME"}]},{"@type":"WebSite","@id":"https:\/\/chefsfarm.nl\/#website","url":"https:\/\/chefsfarm.nl\/","name":"La Ferme du Chef","description":"Obtenez vos micro-pousses, salades m\u00e9lang\u00e9es et fleurs de la meilleure qualit\u00e9","publisher":{"@id":"https:\/\/chefsfarm.nl\/#organization"},"potentialAction":[{"@type":"SearchAction","target":{"@type":"EntryPoint","urlTemplate":"https:\/\/chefsfarm.nl\/?s={search_term_string}"},"query-input":{"@type":"PropertyValueSpecification","valueRequired":true,"valueName":"search_term_string"}}],"inLanguage":"fr-FR"},{"@type":"Organization","@id":"https:\/\/chefsfarm.nl\/#organization","name":"La Ferme du Chef","alternateName":"chefsfarm","url":"https:\/\/chefsfarm.nl\/","logo":{"@type":"ImageObject","inLanguage":"fr-FR","@id":"https:\/\/chefsfarm.nl\/#\/schema\/logo\/image\/","url":"https:\/\/chefsfarm.nl\/wp-content\/uploads\/2022\/06\/chefsfarm-logo-black.png","contentUrl":"https:\/\/chefsfarm.nl\/wp-content\/uploads\/2022\/06\/chefsfarm-logo-black.png","width":1332,"height":380,"caption":"Chef's Farm"},"image":{"@id":"https:\/\/chefsfarm.nl\/#\/schema\/logo\/image\/"},"sameAs":["https:\/\/www.facebook.com\/ChefsFarmAmsterdam\/","https:\/\/www.instagram.com\/chefs.farm\/"]}]}},"_links":{"self":[{"href":"https:\/\/chefsfarm.nl\/fr\/wp-json\/wp\/v2\/product\/6541","targetHints":{"allow":["GET"]}}],"collection":[{"href":"https:\/\/chefsfarm.nl\/fr\/wp-json\/wp\/v2\/product"}],"about":[{"href":"https:\/\/chefsfarm.nl\/fr\/wp-json\/wp\/v2\/types\/product"}],"version-history":[{"count":0,"href":"https:\/\/chefsfarm.nl\/fr\/wp-json\/wp\/v2\/product\/6541\/revisions"}],"wp:featuredmedia":[{"embeddable":true,"href":"https:\/\/chefsfarm.nl\/fr\/wp-json\/wp\/v2\/media\/6542"}],"wp:attachment":[{"href":"https:\/\/chefsfarm.nl\/fr\/wp-json\/wp\/v2\/media?parent=6541"}],"wp:term":[{"taxonomy":"category","embeddable":true,"href":"https:\/\/chefsfarm.nl\/fr\/wp-json\/wp\/v2\/categories?post=6541"},{"taxonomy":"post_tag","embeddable":true,"href":"https:\/\/chefsfarm.nl\/fr\/wp-json\/wp\/v2\/tags?post=6541"}],"curies":[{"name":"wp","href":"https:\/\/api.w.org\/{rel}","templated":true}]}}