{"id":6553,"date":"2022-06-20T10:09:22","date_gmt":"2022-06-20T10:09:22","guid":{"rendered":"http:\/\/localhost:8888\/wordpress\/?post_type=product&#038;p=6553"},"modified":"2025-09-03T06:20:47","modified_gmt":"2025-09-03T06:20:47","slug":"dill","status":"publish","type":"product","link":"https:\/\/chefsfarm.nl\/fr\/product\/dill\/","title":{"rendered":"DILL"},"content":{"rendered":"<p>Dill is a classic staple culinary herb in Western food cultures, along with for example Parsley, Celery, and Thyme. The leaves are grass green and have a beautiful feathery shape. Dill has a very aromatic scent and flavour, that is easy to distinct. Overall the taste is sweet and grassy, with hints of anise and acidic undertones.<\/p>\n<p>For centuries, Dill has been used in hearty meals. The herb also was also thought to have medicinal qualities. For example, the Ancient Greeks used the leaves against hiccups, whereas in Ancient Egypt the seeds were used to promote better sleep. Nowadays, we use Dill mostly to create beautiful dishes.<\/p>","protected":false},"excerpt":{"rendered":"<p>Dill is a classic staple culinary herb in Western food cultures, along with for example Parsley, Celery, and Thyme. The leaves are grass green and have a beautiful feathery shape. Dill has a very aromatic scent and flavour, that is easy to distinct.<\/p>","protected":false},"featured_media":6554,"template":"","meta":{"_acf_changed":true},"categories":[184,171],"tags":[185,189,166,28],"class_list":["post-6553","product","type-product","status-publish","has-post-thumbnail","hentry","category-fresh-acidic","category-microgreens","tag-acidic","tag-anise","tag-fresh","tag-green"],"acf":[],"yoast_head":"<!-- This site is optimized with the Yoast SEO plugin v27.6 - https:\/\/yoast.com\/product\/yoast-seo-wordpress\/ -->\n<title>DILL - Chef&#039;s Farm<\/title>\n<meta name=\"description\" content=\"Dill has a very aromatic scent and flavour, that is easy to distinct. Overall the taste is sweet and grassy, with hints of anise and acidic undertones.\" \/>\n<meta name=\"robots\" content=\"index, follow, max-snippet:-1, max-image-preview:large, max-video-preview:-1\" \/>\n<link rel=\"canonical\" href=\"https:\/\/chefsfarm.nl\/fr\/produit\/dill\/\" \/>\n<meta property=\"og:locale\" content=\"fr_FR\" \/>\n<meta property=\"og:type\" content=\"article\" \/>\n<meta property=\"og:title\" content=\"DILL - Chef&#039;s Farm\" \/>\n<meta property=\"og:description\" content=\"Dill has a very aromatic scent and flavour, that is easy to distinct. Overall the taste is sweet and grassy, with hints of anise and acidic undertones.\" \/>\n<meta property=\"og:url\" content=\"https:\/\/chefsfarm.nl\/fr\/produit\/dill\/\" \/>\n<meta property=\"og:site_name\" content=\"Chef&#039;s Farm\" \/>\n<meta property=\"article:publisher\" content=\"https:\/\/www.facebook.com\/ChefsFarmAmsterdam\/\" \/>\n<meta property=\"article:modified_time\" content=\"2025-09-03T06:20:47+00:00\" \/>\n<meta property=\"og:image\" content=\"https:\/\/chefsfarm.nl\/wp-content\/uploads\/2022\/06\/GX2335-1-scaled.jpg\" \/>\n\t<meta property=\"og:image:width\" content=\"2560\" \/>\n\t<meta property=\"og:image:height\" content=\"1707\" \/>\n\t<meta property=\"og:image:type\" content=\"image\/jpeg\" \/>\n<meta name=\"twitter:card\" content=\"summary_large_image\" \/>\n<meta name=\"twitter:label1\" content=\"Dur\u00e9e de lecture estim\u00e9e\" \/>\n\t<meta name=\"twitter:data1\" content=\"1 minute\" \/>\n<script type=\"application\/ld+json\" class=\"yoast-schema-graph\">{\"@context\":\"https:\\\/\\\/schema.org\",\"@graph\":[{\"@type\":\"WebPage\",\"@id\":\"https:\\\/\\\/chefsfarm.nl\\\/product\\\/dill\\\/\",\"url\":\"https:\\\/\\\/chefsfarm.nl\\\/product\\\/dill\\\/\",\"name\":\"DILL - Chef&#039;s Farm\",\"isPartOf\":{\"@id\":\"https:\\\/\\\/chefsfarm.nl\\\/#website\"},\"primaryImageOfPage\":{\"@id\":\"https:\\\/\\\/chefsfarm.nl\\\/product\\\/dill\\\/#primaryimage\"},\"image\":{\"@id\":\"https:\\\/\\\/chefsfarm.nl\\\/product\\\/dill\\\/#primaryimage\"},\"thumbnailUrl\":\"https:\\\/\\\/chefsfarm.nl\\\/wp-content\\\/uploads\\\/2022\\\/06\\\/GX2335-1-scaled.jpg\",\"datePublished\":\"2022-06-20T10:09:22+00:00\",\"dateModified\":\"2025-09-03T06:20:47+00:00\",\"description\":\"Dill has a very aromatic scent and flavour, that is easy to distinct. Overall the taste is sweet and grassy, with hints of anise and acidic undertones.\",\"breadcrumb\":{\"@id\":\"https:\\\/\\\/chefsfarm.nl\\\/product\\\/dill\\\/#breadcrumb\"},\"inLanguage\":\"fr-FR\",\"potentialAction\":[{\"@type\":\"ReadAction\",\"target\":[\"https:\\\/\\\/chefsfarm.nl\\\/product\\\/dill\\\/\"]}]},{\"@type\":\"ImageObject\",\"inLanguage\":\"fr-FR\",\"@id\":\"https:\\\/\\\/chefsfarm.nl\\\/product\\\/dill\\\/#primaryimage\",\"url\":\"https:\\\/\\\/chefsfarm.nl\\\/wp-content\\\/uploads\\\/2022\\\/06\\\/GX2335-1-scaled.jpg\",\"contentUrl\":\"https:\\\/\\\/chefsfarm.nl\\\/wp-content\\\/uploads\\\/2022\\\/06\\\/GX2335-1-scaled.jpg\",\"width\":2560,\"height\":1707},{\"@type\":\"BreadcrumbList\",\"@id\":\"https:\\\/\\\/chefsfarm.nl\\\/product\\\/dill\\\/#breadcrumb\",\"itemListElement\":[{\"@type\":\"ListItem\",\"position\":1,\"name\":\"Home\",\"item\":\"https:\\\/\\\/chefsfarm.nl\\\/\"},{\"@type\":\"ListItem\",\"position\":2,\"name\":\"Microgreens\",\"item\":\"https:\\\/\\\/chefsfarm.nl\\\/category\\\/microgreens\\\/\"},{\"@type\":\"ListItem\",\"position\":3,\"name\":\"DILL\"}]},{\"@type\":\"WebSite\",\"@id\":\"https:\\\/\\\/chefsfarm.nl\\\/#website\",\"url\":\"https:\\\/\\\/chefsfarm.nl\\\/\",\"name\":\"Chef&#039;s Farm\",\"description\":\"Get your best quality microgreens, salad mixes and flowers\",\"publisher\":{\"@id\":\"https:\\\/\\\/chefsfarm.nl\\\/#organization\"},\"potentialAction\":[{\"@type\":\"SearchAction\",\"target\":{\"@type\":\"EntryPoint\",\"urlTemplate\":\"https:\\\/\\\/chefsfarm.nl\\\/?s={search_term_string}\"},\"query-input\":{\"@type\":\"PropertyValueSpecification\",\"valueRequired\":true,\"valueName\":\"search_term_string\"}}],\"inLanguage\":\"fr-FR\"},{\"@type\":\"Organization\",\"@id\":\"https:\\\/\\\/chefsfarm.nl\\\/#organization\",\"name\":\"Chef's Farm\",\"alternateName\":\"chefsfarm\",\"url\":\"https:\\\/\\\/chefsfarm.nl\\\/\",\"logo\":{\"@type\":\"ImageObject\",\"inLanguage\":\"fr-FR\",\"@id\":\"https:\\\/\\\/chefsfarm.nl\\\/#\\\/schema\\\/logo\\\/image\\\/\",\"url\":\"https:\\\/\\\/chefsfarm.nl\\\/wp-content\\\/uploads\\\/2022\\\/06\\\/chefsfarm-logo-black.png\",\"contentUrl\":\"https:\\\/\\\/chefsfarm.nl\\\/wp-content\\\/uploads\\\/2022\\\/06\\\/chefsfarm-logo-black.png\",\"width\":1332,\"height\":380,\"caption\":\"Chef's Farm\"},\"image\":{\"@id\":\"https:\\\/\\\/chefsfarm.nl\\\/#\\\/schema\\\/logo\\\/image\\\/\"},\"sameAs\":[\"https:\\\/\\\/www.facebook.com\\\/ChefsFarmAmsterdam\\\/\",\"https:\\\/\\\/www.instagram.com\\\/chefs.farm\\\/\"]}]}<\/script>\n<!-- \/ Yoast SEO plugin. -->","yoast_head_json":{"title":"DILL - Chef&#039;s Farm","description":"Dill has a very aromatic scent and flavour, that is easy to distinct. Overall the taste is sweet and grassy, with hints of anise and acidic undertones.","robots":{"index":"index","follow":"follow","max-snippet":"max-snippet:-1","max-image-preview":"max-image-preview:large","max-video-preview":"max-video-preview:-1"},"canonical":"https:\/\/chefsfarm.nl\/fr\/produit\/dill\/","og_locale":"fr_FR","og_type":"article","og_title":"DILL - Chef&#039;s Farm","og_description":"Dill has a very aromatic scent and flavour, that is easy to distinct. Overall the taste is sweet and grassy, with hints of anise and acidic undertones.","og_url":"https:\/\/chefsfarm.nl\/fr\/produit\/dill\/","og_site_name":"Chef&#039;s Farm","article_publisher":"https:\/\/www.facebook.com\/ChefsFarmAmsterdam\/","article_modified_time":"2025-09-03T06:20:47+00:00","og_image":[{"width":2560,"height":1707,"url":"https:\/\/chefsfarm.nl\/wp-content\/uploads\/2022\/06\/GX2335-1-scaled.jpg","type":"image\/jpeg"}],"twitter_card":"summary_large_image","twitter_misc":{"Dur\u00e9e de lecture estim\u00e9e":"1 minute"},"schema":{"@context":"https:\/\/schema.org","@graph":[{"@type":"WebPage","@id":"https:\/\/chefsfarm.nl\/product\/dill\/","url":"https:\/\/chefsfarm.nl\/product\/dill\/","name":"DILL - Chef&#039;s Farm","isPartOf":{"@id":"https:\/\/chefsfarm.nl\/#website"},"primaryImageOfPage":{"@id":"https:\/\/chefsfarm.nl\/product\/dill\/#primaryimage"},"image":{"@id":"https:\/\/chefsfarm.nl\/product\/dill\/#primaryimage"},"thumbnailUrl":"https:\/\/chefsfarm.nl\/wp-content\/uploads\/2022\/06\/GX2335-1-scaled.jpg","datePublished":"2022-06-20T10:09:22+00:00","dateModified":"2025-09-03T06:20:47+00:00","description":"Dill has a very aromatic scent and flavour, that is easy to distinct. Overall the taste is sweet and grassy, with hints of anise and acidic undertones.","breadcrumb":{"@id":"https:\/\/chefsfarm.nl\/product\/dill\/#breadcrumb"},"inLanguage":"fr-FR","potentialAction":[{"@type":"ReadAction","target":["https:\/\/chefsfarm.nl\/product\/dill\/"]}]},{"@type":"ImageObject","inLanguage":"fr-FR","@id":"https:\/\/chefsfarm.nl\/product\/dill\/#primaryimage","url":"https:\/\/chefsfarm.nl\/wp-content\/uploads\/2022\/06\/GX2335-1-scaled.jpg","contentUrl":"https:\/\/chefsfarm.nl\/wp-content\/uploads\/2022\/06\/GX2335-1-scaled.jpg","width":2560,"height":1707},{"@type":"BreadcrumbList","@id":"https:\/\/chefsfarm.nl\/product\/dill\/#breadcrumb","itemListElement":[{"@type":"ListItem","position":1,"name":"Home","item":"https:\/\/chefsfarm.nl\/"},{"@type":"ListItem","position":2,"name":"Microgreens","item":"https:\/\/chefsfarm.nl\/category\/microgreens\/"},{"@type":"ListItem","position":3,"name":"DILL"}]},{"@type":"WebSite","@id":"https:\/\/chefsfarm.nl\/#website","url":"https:\/\/chefsfarm.nl\/","name":"La Ferme du Chef","description":"Obtenez vos micro-pousses, salades m\u00e9lang\u00e9es et fleurs de la meilleure qualit\u00e9","publisher":{"@id":"https:\/\/chefsfarm.nl\/#organization"},"potentialAction":[{"@type":"SearchAction","target":{"@type":"EntryPoint","urlTemplate":"https:\/\/chefsfarm.nl\/?s={search_term_string}"},"query-input":{"@type":"PropertyValueSpecification","valueRequired":true,"valueName":"search_term_string"}}],"inLanguage":"fr-FR"},{"@type":"Organization","@id":"https:\/\/chefsfarm.nl\/#organization","name":"La Ferme du Chef","alternateName":"chefsfarm","url":"https:\/\/chefsfarm.nl\/","logo":{"@type":"ImageObject","inLanguage":"fr-FR","@id":"https:\/\/chefsfarm.nl\/#\/schema\/logo\/image\/","url":"https:\/\/chefsfarm.nl\/wp-content\/uploads\/2022\/06\/chefsfarm-logo-black.png","contentUrl":"https:\/\/chefsfarm.nl\/wp-content\/uploads\/2022\/06\/chefsfarm-logo-black.png","width":1332,"height":380,"caption":"Chef's Farm"},"image":{"@id":"https:\/\/chefsfarm.nl\/#\/schema\/logo\/image\/"},"sameAs":["https:\/\/www.facebook.com\/ChefsFarmAmsterdam\/","https:\/\/www.instagram.com\/chefs.farm\/"]}]}},"_links":{"self":[{"href":"https:\/\/chefsfarm.nl\/fr\/wp-json\/wp\/v2\/product\/6553","targetHints":{"allow":["GET"]}}],"collection":[{"href":"https:\/\/chefsfarm.nl\/fr\/wp-json\/wp\/v2\/product"}],"about":[{"href":"https:\/\/chefsfarm.nl\/fr\/wp-json\/wp\/v2\/types\/product"}],"version-history":[{"count":0,"href":"https:\/\/chefsfarm.nl\/fr\/wp-json\/wp\/v2\/product\/6553\/revisions"}],"wp:featuredmedia":[{"embeddable":true,"href":"https:\/\/chefsfarm.nl\/fr\/wp-json\/wp\/v2\/media\/6554"}],"wp:attachment":[{"href":"https:\/\/chefsfarm.nl\/fr\/wp-json\/wp\/v2\/media?parent=6553"}],"wp:term":[{"taxonomy":"category","embeddable":true,"href":"https:\/\/chefsfarm.nl\/fr\/wp-json\/wp\/v2\/categories?post=6553"},{"taxonomy":"post_tag","embeddable":true,"href":"https:\/\/chefsfarm.nl\/fr\/wp-json\/wp\/v2\/tags?post=6553"}],"curies":[{"name":"wp","href":"https:\/\/api.w.org\/{rel}","templated":true}]}}