{"id":7361,"date":"2022-07-06T13:43:15","date_gmt":"2022-07-06T13:43:15","guid":{"rendered":"http:\/\/localhost:8888\/wordpress\/?post_type=product&#038;p=7361"},"modified":"2025-09-03T06:14:29","modified_gmt":"2025-09-03T06:14:29","slug":"watercress","status":"publish","type":"product","link":"https:\/\/chefsfarm.nl\/fr\/product\/watercress\/","title":{"rendered":"WATERCRESS"},"content":{"rendered":"<div class=\"elementor-element elementor-element-8a759fa elementor-widget elementor-widget-heading\" data-id=\"8a759fa\" data-element_type=\"widget\" data-widget_type=\"heading.default\">\n<div class=\"elementor-widget-container\">\n<h5 class=\"elementor-heading-title elementor-size-default\">SPICY WITH A FLESHY STEM AND A NUTTY UNDERTONE.<\/h5>\n<\/div>\n<\/div>\n<div class=\"elementor-element elementor-element-a05f8dc elementor-widget elementor-widget-text-editor\" data-id=\"a05f8dc\" data-element_type=\"widget\" data-widget_type=\"text-editor.default\">\n<div class=\"elementor-widget-container\">\n<div class=\"elementor-text-editor elementor-clearfix\">\n<p>Our Watercress is a dark leafy green, that originally grows in natural spring water. However with the latest vertical farming techniques, we have managed to grow the green indoors using LED lights and recycled water. Historically, people have used watercress in many ways more than garnishment.\u00a0As a matter of fact, watercress is one of the oldest known leaf vegetables consumed by humans. It may have been a staple in the Roman soldiers\u2019 diet. The leafy green is part of the cruciferous family -alongside kale, broccoli, and salad rocket \u2013 a family known to be packed with dense nutrients that are extremely beneficial for the heart, blood pressure, and maintaining healthy bones.<\/p>\n<p>The relatives of Watercress, such as mustard, radish, and wasabi, all resemble this microgreen in its spicyness. Likewise, its botanical name \u2013\u00a0<i>Nasturtium officinale \u2013\u00a0<\/i>indicates it relationship to our Nasturtium, which is the closest resemblance in taste of the beautiful Watercress.<\/p>\n<\/div>\n<div class=\"elementor-element elementor-element-e8eebfc elementor-widget elementor-widget-heading\" data-id=\"e8eebfc\" data-element_type=\"widget\" data-widget_type=\"heading.default\">\n<div class=\"elementor-widget-container\">\n<h5 class=\"elementor-heading-title elementor-size-default\">WATERCRESS QUALITIES<\/h5>\n<\/div>\n<\/div>\n<div class=\"elementor-element elementor-element-b5e166e elementor-widget elementor-widget-text-editor\" data-id=\"b5e166e\" data-element_type=\"widget\" data-widget_type=\"text-editor.default\">\n<div class=\"elementor-widget-container\">\n<div class=\"elementor-text-editor elementor-clearfix\">\n<p><span data-contrast=\"auto\">This versatile microgreen pairs well with lots of dishes. Add the spicy green to smoothies, omelets, pestos, pasta sauces, sandwiches, soups or sprinkle on meat, fish or vegetarian dishes. Yo can also simply saut\u00e9 the microgreen with a small amount of olive oil, season it, and serve it as a side dish or as a topping.<\/span><\/p>\n<p><span data-contrast=\"auto\">Go on and try our Watercress yourselves. To give you an idea of the palet of this microgreen, we can describe the microgreen with the following attributes:\u00a0<\/span><span data-ccp-props=\"{}\">\u00a0<\/span><\/p>\n<ul>\n<li><span data-contrast=\"auto\">Spicy<\/span><\/li>\n<li><span data-contrast=\"auto\">Nutty<\/span><\/li>\n<li><span data-contrast=\"auto\">Juicy<\/span><\/li>\n<li><span data-contrast=\"auto\">Strong<\/span><\/li>\n<li>Fleshy<\/li>\n<li>Green<\/li>\n<\/ul>\n<\/div>\n<\/div>\n<\/div>\n<\/div>\n<\/div>","protected":false},"excerpt":{"rendered":"<p>Our Watercress is a dark leafy green, that originally grows in natural spring water. However with the latest vertical farming techniques, we have managed to grow the green indoors using LED lights and recycled water.<\/p>","protected":false},"featured_media":7363,"template":"","meta":{"_acf_changed":true},"categories":[170,171],"tags":[242,212,28,213,204],"class_list":["post-7361","product","type-product","status-publish","has-post-thumbnail","hentry","category-classic","category-microgreens","tag-classics","tag-fleshy","tag-green","tag-nutty","tag-spicy"],"acf":[],"yoast_head":"<!-- This site is optimized with the Yoast SEO plugin v27.6 - https:\/\/yoast.com\/product\/yoast-seo-wordpress\/ -->\n<title>WATERCRESS - Chef&#039;s Farm<\/title>\n<meta name=\"description\" content=\"Our Watercress is a dark leafy green, that originally grows in natural spring water. However with the latest vertical farming techniques, we have managed to grow the green indoors using LED lights and recycled water.\" \/>\n<meta name=\"robots\" content=\"index, follow, max-snippet:-1, max-image-preview:large, max-video-preview:-1\" \/>\n<link rel=\"canonical\" href=\"https:\/\/chefsfarm.nl\/fr\/produit\/watercress\/\" \/>\n<meta property=\"og:locale\" content=\"fr_FR\" \/>\n<meta property=\"og:type\" content=\"article\" \/>\n<meta property=\"og:title\" content=\"WATERCRESS - Chef&#039;s Farm\" \/>\n<meta property=\"og:description\" content=\"Our Watercress is a dark leafy green, that originally grows in natural spring water. However with the latest vertical farming techniques, we have managed to grow the green indoors using LED lights and recycled water.\" \/>\n<meta property=\"og:url\" content=\"https:\/\/chefsfarm.nl\/fr\/produit\/watercress\/\" \/>\n<meta property=\"og:site_name\" content=\"Chef&#039;s Farm\" \/>\n<meta property=\"article:publisher\" content=\"https:\/\/www.facebook.com\/ChefsFarmAmsterdam\/\" \/>\n<meta property=\"article:modified_time\" content=\"2025-09-03T06:14:29+00:00\" \/>\n<meta property=\"og:image\" content=\"https:\/\/chefsfarm.nl\/wp-content\/uploads\/2022\/07\/GX2361-1-scaled.jpg\" \/>\n\t<meta property=\"og:image:width\" content=\"2560\" \/>\n\t<meta property=\"og:image:height\" content=\"1707\" \/>\n\t<meta property=\"og:image:type\" content=\"image\/jpeg\" \/>\n<meta name=\"twitter:card\" content=\"summary_large_image\" \/>\n<meta name=\"twitter:label1\" content=\"Dur\u00e9e de lecture estim\u00e9e\" \/>\n\t<meta name=\"twitter:data1\" content=\"2 minutes\" \/>\n<script type=\"application\/ld+json\" class=\"yoast-schema-graph\">{\"@context\":\"https:\\\/\\\/schema.org\",\"@graph\":[{\"@type\":\"WebPage\",\"@id\":\"https:\\\/\\\/chefsfarm.nl\\\/product\\\/watercress\\\/\",\"url\":\"https:\\\/\\\/chefsfarm.nl\\\/product\\\/watercress\\\/\",\"name\":\"WATERCRESS - Chef&#039;s Farm\",\"isPartOf\":{\"@id\":\"https:\\\/\\\/chefsfarm.nl\\\/#website\"},\"primaryImageOfPage\":{\"@id\":\"https:\\\/\\\/chefsfarm.nl\\\/product\\\/watercress\\\/#primaryimage\"},\"image\":{\"@id\":\"https:\\\/\\\/chefsfarm.nl\\\/product\\\/watercress\\\/#primaryimage\"},\"thumbnailUrl\":\"https:\\\/\\\/chefsfarm.nl\\\/wp-content\\\/uploads\\\/2022\\\/07\\\/GX2361-1-scaled.jpg\",\"datePublished\":\"2022-07-06T13:43:15+00:00\",\"dateModified\":\"2025-09-03T06:14:29+00:00\",\"description\":\"Our Watercress is a dark leafy green, that originally grows in natural spring water. However with the latest vertical farming techniques, we have managed to grow the green indoors using LED lights and recycled water.\",\"breadcrumb\":{\"@id\":\"https:\\\/\\\/chefsfarm.nl\\\/product\\\/watercress\\\/#breadcrumb\"},\"inLanguage\":\"fr-FR\",\"potentialAction\":[{\"@type\":\"ReadAction\",\"target\":[\"https:\\\/\\\/chefsfarm.nl\\\/product\\\/watercress\\\/\"]}]},{\"@type\":\"ImageObject\",\"inLanguage\":\"fr-FR\",\"@id\":\"https:\\\/\\\/chefsfarm.nl\\\/product\\\/watercress\\\/#primaryimage\",\"url\":\"https:\\\/\\\/chefsfarm.nl\\\/wp-content\\\/uploads\\\/2022\\\/07\\\/GX2361-1-scaled.jpg\",\"contentUrl\":\"https:\\\/\\\/chefsfarm.nl\\\/wp-content\\\/uploads\\\/2022\\\/07\\\/GX2361-1-scaled.jpg\",\"width\":2560,\"height\":1707},{\"@type\":\"BreadcrumbList\",\"@id\":\"https:\\\/\\\/chefsfarm.nl\\\/product\\\/watercress\\\/#breadcrumb\",\"itemListElement\":[{\"@type\":\"ListItem\",\"position\":1,\"name\":\"Home\",\"item\":\"https:\\\/\\\/chefsfarm.nl\\\/\"},{\"@type\":\"ListItem\",\"position\":2,\"name\":\"Microgreens\",\"item\":\"https:\\\/\\\/chefsfarm.nl\\\/category\\\/microgreens\\\/\"},{\"@type\":\"ListItem\",\"position\":3,\"name\":\"WATERCRESS\"}]},{\"@type\":\"WebSite\",\"@id\":\"https:\\\/\\\/chefsfarm.nl\\\/#website\",\"url\":\"https:\\\/\\\/chefsfarm.nl\\\/\",\"name\":\"Chef&#039;s Farm\",\"description\":\"Get your best quality microgreens, salad mixes and flowers\",\"publisher\":{\"@id\":\"https:\\\/\\\/chefsfarm.nl\\\/#organization\"},\"potentialAction\":[{\"@type\":\"SearchAction\",\"target\":{\"@type\":\"EntryPoint\",\"urlTemplate\":\"https:\\\/\\\/chefsfarm.nl\\\/?s={search_term_string}\"},\"query-input\":{\"@type\":\"PropertyValueSpecification\",\"valueRequired\":true,\"valueName\":\"search_term_string\"}}],\"inLanguage\":\"fr-FR\"},{\"@type\":\"Organization\",\"@id\":\"https:\\\/\\\/chefsfarm.nl\\\/#organization\",\"name\":\"Chef's Farm\",\"alternateName\":\"chefsfarm\",\"url\":\"https:\\\/\\\/chefsfarm.nl\\\/\",\"logo\":{\"@type\":\"ImageObject\",\"inLanguage\":\"fr-FR\",\"@id\":\"https:\\\/\\\/chefsfarm.nl\\\/#\\\/schema\\\/logo\\\/image\\\/\",\"url\":\"https:\\\/\\\/chefsfarm.nl\\\/wp-content\\\/uploads\\\/2022\\\/06\\\/chefsfarm-logo-black.png\",\"contentUrl\":\"https:\\\/\\\/chefsfarm.nl\\\/wp-content\\\/uploads\\\/2022\\\/06\\\/chefsfarm-logo-black.png\",\"width\":1332,\"height\":380,\"caption\":\"Chef's Farm\"},\"image\":{\"@id\":\"https:\\\/\\\/chefsfarm.nl\\\/#\\\/schema\\\/logo\\\/image\\\/\"},\"sameAs\":[\"https:\\\/\\\/www.facebook.com\\\/ChefsFarmAmsterdam\\\/\",\"https:\\\/\\\/www.instagram.com\\\/chefs.farm\\\/\"]}]}<\/script>\n<!-- \/ Yoast SEO plugin. -->","yoast_head_json":{"title":"WATERCRESS - Chef&#039;s Farm","description":"Our Watercress is a dark leafy green, that originally grows in natural spring water. However with the latest vertical farming techniques, we have managed to grow the green indoors using LED lights and recycled water.","robots":{"index":"index","follow":"follow","max-snippet":"max-snippet:-1","max-image-preview":"max-image-preview:large","max-video-preview":"max-video-preview:-1"},"canonical":"https:\/\/chefsfarm.nl\/fr\/produit\/watercress\/","og_locale":"fr_FR","og_type":"article","og_title":"WATERCRESS - Chef&#039;s Farm","og_description":"Our Watercress is a dark leafy green, that originally grows in natural spring water. However with the latest vertical farming techniques, we have managed to grow the green indoors using LED lights and recycled water.","og_url":"https:\/\/chefsfarm.nl\/fr\/produit\/watercress\/","og_site_name":"Chef&#039;s Farm","article_publisher":"https:\/\/www.facebook.com\/ChefsFarmAmsterdam\/","article_modified_time":"2025-09-03T06:14:29+00:00","og_image":[{"width":2560,"height":1707,"url":"https:\/\/chefsfarm.nl\/wp-content\/uploads\/2022\/07\/GX2361-1-scaled.jpg","type":"image\/jpeg"}],"twitter_card":"summary_large_image","twitter_misc":{"Dur\u00e9e de lecture estim\u00e9e":"2 minutes"},"schema":{"@context":"https:\/\/schema.org","@graph":[{"@type":"WebPage","@id":"https:\/\/chefsfarm.nl\/product\/watercress\/","url":"https:\/\/chefsfarm.nl\/product\/watercress\/","name":"WATERCRESS - Chef&#039;s Farm","isPartOf":{"@id":"https:\/\/chefsfarm.nl\/#website"},"primaryImageOfPage":{"@id":"https:\/\/chefsfarm.nl\/product\/watercress\/#primaryimage"},"image":{"@id":"https:\/\/chefsfarm.nl\/product\/watercress\/#primaryimage"},"thumbnailUrl":"https:\/\/chefsfarm.nl\/wp-content\/uploads\/2022\/07\/GX2361-1-scaled.jpg","datePublished":"2022-07-06T13:43:15+00:00","dateModified":"2025-09-03T06:14:29+00:00","description":"Our Watercress is a dark leafy green, that originally grows in natural spring water. However with the latest vertical farming techniques, we have managed to grow the green indoors using LED lights and recycled water.","breadcrumb":{"@id":"https:\/\/chefsfarm.nl\/product\/watercress\/#breadcrumb"},"inLanguage":"fr-FR","potentialAction":[{"@type":"ReadAction","target":["https:\/\/chefsfarm.nl\/product\/watercress\/"]}]},{"@type":"ImageObject","inLanguage":"fr-FR","@id":"https:\/\/chefsfarm.nl\/product\/watercress\/#primaryimage","url":"https:\/\/chefsfarm.nl\/wp-content\/uploads\/2022\/07\/GX2361-1-scaled.jpg","contentUrl":"https:\/\/chefsfarm.nl\/wp-content\/uploads\/2022\/07\/GX2361-1-scaled.jpg","width":2560,"height":1707},{"@type":"BreadcrumbList","@id":"https:\/\/chefsfarm.nl\/product\/watercress\/#breadcrumb","itemListElement":[{"@type":"ListItem","position":1,"name":"Home","item":"https:\/\/chefsfarm.nl\/"},{"@type":"ListItem","position":2,"name":"Microgreens","item":"https:\/\/chefsfarm.nl\/category\/microgreens\/"},{"@type":"ListItem","position":3,"name":"WATERCRESS"}]},{"@type":"WebSite","@id":"https:\/\/chefsfarm.nl\/#website","url":"https:\/\/chefsfarm.nl\/","name":"La Ferme du Chef","description":"Obtenez vos micro-pousses, salades m\u00e9lang\u00e9es et fleurs de la meilleure qualit\u00e9","publisher":{"@id":"https:\/\/chefsfarm.nl\/#organization"},"potentialAction":[{"@type":"SearchAction","target":{"@type":"EntryPoint","urlTemplate":"https:\/\/chefsfarm.nl\/?s={search_term_string}"},"query-input":{"@type":"PropertyValueSpecification","valueRequired":true,"valueName":"search_term_string"}}],"inLanguage":"fr-FR"},{"@type":"Organization","@id":"https:\/\/chefsfarm.nl\/#organization","name":"La Ferme du Chef","alternateName":"chefsfarm","url":"https:\/\/chefsfarm.nl\/","logo":{"@type":"ImageObject","inLanguage":"fr-FR","@id":"https:\/\/chefsfarm.nl\/#\/schema\/logo\/image\/","url":"https:\/\/chefsfarm.nl\/wp-content\/uploads\/2022\/06\/chefsfarm-logo-black.png","contentUrl":"https:\/\/chefsfarm.nl\/wp-content\/uploads\/2022\/06\/chefsfarm-logo-black.png","width":1332,"height":380,"caption":"Chef's Farm"},"image":{"@id":"https:\/\/chefsfarm.nl\/#\/schema\/logo\/image\/"},"sameAs":["https:\/\/www.facebook.com\/ChefsFarmAmsterdam\/","https:\/\/www.instagram.com\/chefs.farm\/"]}]}},"_links":{"self":[{"href":"https:\/\/chefsfarm.nl\/fr\/wp-json\/wp\/v2\/product\/7361","targetHints":{"allow":["GET"]}}],"collection":[{"href":"https:\/\/chefsfarm.nl\/fr\/wp-json\/wp\/v2\/product"}],"about":[{"href":"https:\/\/chefsfarm.nl\/fr\/wp-json\/wp\/v2\/types\/product"}],"version-history":[{"count":0,"href":"https:\/\/chefsfarm.nl\/fr\/wp-json\/wp\/v2\/product\/7361\/revisions"}],"wp:featuredmedia":[{"embeddable":true,"href":"https:\/\/chefsfarm.nl\/fr\/wp-json\/wp\/v2\/media\/7363"}],"wp:attachment":[{"href":"https:\/\/chefsfarm.nl\/fr\/wp-json\/wp\/v2\/media?parent=7361"}],"wp:term":[{"taxonomy":"category","embeddable":true,"href":"https:\/\/chefsfarm.nl\/fr\/wp-json\/wp\/v2\/categories?post=7361"},{"taxonomy":"post_tag","embeddable":true,"href":"https:\/\/chefsfarm.nl\/fr\/wp-json\/wp\/v2\/tags?post=7361"}],"curies":[{"name":"wp","href":"https:\/\/api.w.org\/{rel}","templated":true}]}}