{"id":7436,"date":"2022-07-07T10:28:51","date_gmt":"2022-07-07T10:28:51","guid":{"rendered":"http:\/\/localhost:8888\/wordpress\/?post_type=product&#038;p=7436"},"modified":"2025-09-02T11:03:06","modified_gmt":"2025-09-02T11:03:06","slug":"tatsoi-purple","status":"publish","type":"product","link":"https:\/\/chefsfarm.nl\/fr\/product\/tatsoi-purple\/","title":{"rendered":"TATSOI PURPLE"},"content":{"rendered":"<div class=\"elementor-column elementor-top-column elementor-element elementor-element-0630857\" data-id=\"0630857\" data-element_type=\"column\">\n<div class=\"elementor-column-wrap elementor-element-populated\">\n<div class=\"elementor-widget-wrap\">\n<div class=\"elementor-element elementor-element-8a759fa elementor-widget elementor-widget-heading\" data-id=\"8a759fa\" data-element_type=\"widget\" data-widget_type=\"heading.default\">\n<div class=\"elementor-widget-container\">\n<h5 class=\"elementor-heading-title elementor-size-default\">JUICY AND STRONG LEAF WITH MILD KALE FLAVOUR<\/h5>\n<\/div>\n<\/div>\n<div class=\"elementor-element elementor-element-a05f8dc elementor-widget elementor-widget-text-editor\" data-id=\"a05f8dc\" data-element_type=\"widget\" data-widget_type=\"text-editor.default\">\n<div class=\"elementor-widget-container\">\n<div class=\"elementor-text-editor elementor-clearfix\">\n<p>Tatsoi Purple is a leafy green with purple leaves and green undertones. The larger leaves are spoon shaped, whereas the smaller leaves are heart shaped. Origins of Tatsoi reach back to ancient China, however the leafy green is mostly used in Japan.<\/p>\n<p>Chefs like to use our Tatsoi Purple in many ways. For example, Restaurant\u00a0<a href=\"https:\/\/www.alma.nl\/\" target=\"_blank\" rel=\"noopener\">Alma\u00a0<\/a>created a dish that consists of a tuna tartare with a soy sauce, a mousse of Thai curry, a creme of horseradish and dashi, topped with a nori crunch and some\u00a0<a href=\"https:\/\/chefsfarm.nl\/fr\/china-rose-2\/\" target=\"_blank\" rel=\"noopener\">China Rose<\/a>\u00a0and Tatsoi Purple leaves.<\/p>\n<\/div>\n<\/div>\n<\/div>\n<\/div>\n<\/div>\n<\/div>\n<div class=\"elementor-column elementor-col-50 elementor-top-column elementor-element elementor-element-a5f9bcb\" data-id=\"a5f9bcb\" data-element_type=\"column\">\n<div class=\"elementor-column-wrap elementor-element-populated\">\n<div class=\"elementor-widget-wrap\">\n<div class=\"elementor-element elementor-element-e8eebfc elementor-widget elementor-widget-heading\" data-id=\"e8eebfc\" data-element_type=\"widget\" data-widget_type=\"heading.default\">\n<div class=\"elementor-widget-container\">\n<h5 class=\"elementor-heading-title elementor-size-default\">TATSOI PURPLE<\/h5>\n<\/div>\n<\/div>\n<div class=\"elementor-element elementor-element-b5e166e elementor-widget elementor-widget-text-editor\" data-id=\"b5e166e\" data-element_type=\"widget\" data-widget_type=\"text-editor.default\">\n<div class=\"elementor-widget-container\">\n<div class=\"elementor-text-editor elementor-clearfix\">\n<p>Tatsoi Purple is a versatile vegetable. When cooked, Tatsoi Purple has an earthy and spinach like taste. As a fresh vegetable it has a sweet, buttery or mustard-like taste, with a tender texture. It goes well in salads, on top of sandwiches or other beautiful meals.<\/p>\n<ul>\n<li>Purple<\/li>\n<li>Green<\/li>\n<li>Mustard\/Kale flavour<\/li>\n<li>Tender<\/li>\n<li>Buttery texture<\/li>\n<\/ul>\n<\/div>\n<\/div>\n<\/div>\n<\/div>\n<\/div>\n<\/div>","protected":false},"excerpt":{"rendered":"<p>Tatsoi Purple is a leafy green with purple leaves and green undertones. The larger leaves are spoon shaped, whereas the smaller leaves are heart shaped. Origins of Tatsoi reach back to ancient China, however the leafy green is mostly used in Japan.<\/p>","protected":false},"featured_media":7437,"template":"","meta":{"_acf_changed":true},"categories":[234,171],"tags":[200,166,168,208,215],"class_list":["post-7436","product","type-product","status-publish","has-post-thumbnail","hentry","category-kale","category-microgreens","tag-crispy","tag-fresh","tag-juicy","tag-kale","tag-purple"],"acf":[],"yoast_head":"<!-- This site is optimized with the Yoast SEO plugin v27.6 - https:\/\/yoast.com\/product\/yoast-seo-wordpress\/ -->\n<title>TATSOI PURPLE - Chef&#039;s Farm<\/title>\n<meta name=\"description\" content=\"Tatsoi Purple is a leafy green with purple leaves and green undertones. The larger leaves are spoon shaped, whereas the smaller leaves are heart shaped.\" \/>\n<meta name=\"robots\" content=\"index, follow, max-snippet:-1, max-image-preview:large, max-video-preview:-1\" \/>\n<link rel=\"canonical\" href=\"https:\/\/chefsfarm.nl\/fr\/produit\/tatsoi-purple\/\" \/>\n<meta property=\"og:locale\" content=\"fr_FR\" \/>\n<meta property=\"og:type\" content=\"article\" \/>\n<meta property=\"og:title\" content=\"TATSOI PURPLE - Chef&#039;s Farm\" \/>\n<meta property=\"og:description\" content=\"Tatsoi Purple is a leafy green with purple leaves and green undertones. The larger leaves are spoon shaped, whereas the smaller leaves are heart shaped.\" \/>\n<meta property=\"og:url\" content=\"https:\/\/chefsfarm.nl\/fr\/produit\/tatsoi-purple\/\" \/>\n<meta property=\"og:site_name\" content=\"Chef&#039;s Farm\" \/>\n<meta property=\"article:publisher\" content=\"https:\/\/www.facebook.com\/ChefsFarmAmsterdam\/\" \/>\n<meta property=\"article:modified_time\" content=\"2025-09-02T11:03:06+00:00\" \/>\n<meta property=\"og:image\" content=\"https:\/\/chefsfarm.nl\/wp-content\/uploads\/2022\/07\/GX2340-1-scaled.jpg\" \/>\n\t<meta property=\"og:image:width\" content=\"2560\" \/>\n\t<meta property=\"og:image:height\" content=\"1707\" \/>\n\t<meta property=\"og:image:type\" content=\"image\/jpeg\" \/>\n<meta name=\"twitter:card\" content=\"summary_large_image\" \/>\n<meta name=\"twitter:label1\" content=\"Dur\u00e9e de lecture estim\u00e9e\" \/>\n\t<meta name=\"twitter:data1\" content=\"1 minute\" \/>\n<script type=\"application\/ld+json\" class=\"yoast-schema-graph\">{\"@context\":\"https:\\\/\\\/schema.org\",\"@graph\":[{\"@type\":\"WebPage\",\"@id\":\"https:\\\/\\\/chefsfarm.nl\\\/product\\\/tatsoi-purple\\\/\",\"url\":\"https:\\\/\\\/chefsfarm.nl\\\/product\\\/tatsoi-purple\\\/\",\"name\":\"TATSOI PURPLE - Chef&#039;s Farm\",\"isPartOf\":{\"@id\":\"https:\\\/\\\/chefsfarm.nl\\\/#website\"},\"primaryImageOfPage\":{\"@id\":\"https:\\\/\\\/chefsfarm.nl\\\/product\\\/tatsoi-purple\\\/#primaryimage\"},\"image\":{\"@id\":\"https:\\\/\\\/chefsfarm.nl\\\/product\\\/tatsoi-purple\\\/#primaryimage\"},\"thumbnailUrl\":\"https:\\\/\\\/chefsfarm.nl\\\/wp-content\\\/uploads\\\/2022\\\/07\\\/GX2340-1-scaled.jpg\",\"datePublished\":\"2022-07-07T10:28:51+00:00\",\"dateModified\":\"2025-09-02T11:03:06+00:00\",\"description\":\"Tatsoi Purple is a leafy green with purple leaves and green undertones. The larger leaves are spoon shaped, whereas the smaller leaves are heart shaped.\",\"breadcrumb\":{\"@id\":\"https:\\\/\\\/chefsfarm.nl\\\/product\\\/tatsoi-purple\\\/#breadcrumb\"},\"inLanguage\":\"fr-FR\",\"potentialAction\":[{\"@type\":\"ReadAction\",\"target\":[\"https:\\\/\\\/chefsfarm.nl\\\/product\\\/tatsoi-purple\\\/\"]}]},{\"@type\":\"ImageObject\",\"inLanguage\":\"fr-FR\",\"@id\":\"https:\\\/\\\/chefsfarm.nl\\\/product\\\/tatsoi-purple\\\/#primaryimage\",\"url\":\"https:\\\/\\\/chefsfarm.nl\\\/wp-content\\\/uploads\\\/2022\\\/07\\\/GX2340-1-scaled.jpg\",\"contentUrl\":\"https:\\\/\\\/chefsfarm.nl\\\/wp-content\\\/uploads\\\/2022\\\/07\\\/GX2340-1-scaled.jpg\",\"width\":2560,\"height\":1707},{\"@type\":\"BreadcrumbList\",\"@id\":\"https:\\\/\\\/chefsfarm.nl\\\/product\\\/tatsoi-purple\\\/#breadcrumb\",\"itemListElement\":[{\"@type\":\"ListItem\",\"position\":1,\"name\":\"Home\",\"item\":\"https:\\\/\\\/chefsfarm.nl\\\/\"},{\"@type\":\"ListItem\",\"position\":2,\"name\":\"Microgreens\",\"item\":\"https:\\\/\\\/chefsfarm.nl\\\/category\\\/microgreens\\\/\"},{\"@type\":\"ListItem\",\"position\":3,\"name\":\"TATSOI PURPLE\"}]},{\"@type\":\"WebSite\",\"@id\":\"https:\\\/\\\/chefsfarm.nl\\\/#website\",\"url\":\"https:\\\/\\\/chefsfarm.nl\\\/\",\"name\":\"Chef&#039;s Farm\",\"description\":\"Get your best quality microgreens, salad mixes and flowers\",\"publisher\":{\"@id\":\"https:\\\/\\\/chefsfarm.nl\\\/#organization\"},\"potentialAction\":[{\"@type\":\"SearchAction\",\"target\":{\"@type\":\"EntryPoint\",\"urlTemplate\":\"https:\\\/\\\/chefsfarm.nl\\\/?s={search_term_string}\"},\"query-input\":{\"@type\":\"PropertyValueSpecification\",\"valueRequired\":true,\"valueName\":\"search_term_string\"}}],\"inLanguage\":\"fr-FR\"},{\"@type\":\"Organization\",\"@id\":\"https:\\\/\\\/chefsfarm.nl\\\/#organization\",\"name\":\"Chef's Farm\",\"alternateName\":\"chefsfarm\",\"url\":\"https:\\\/\\\/chefsfarm.nl\\\/\",\"logo\":{\"@type\":\"ImageObject\",\"inLanguage\":\"fr-FR\",\"@id\":\"https:\\\/\\\/chefsfarm.nl\\\/#\\\/schema\\\/logo\\\/image\\\/\",\"url\":\"https:\\\/\\\/chefsfarm.nl\\\/wp-content\\\/uploads\\\/2022\\\/06\\\/chefsfarm-logo-black.png\",\"contentUrl\":\"https:\\\/\\\/chefsfarm.nl\\\/wp-content\\\/uploads\\\/2022\\\/06\\\/chefsfarm-logo-black.png\",\"width\":1332,\"height\":380,\"caption\":\"Chef's Farm\"},\"image\":{\"@id\":\"https:\\\/\\\/chefsfarm.nl\\\/#\\\/schema\\\/logo\\\/image\\\/\"},\"sameAs\":[\"https:\\\/\\\/www.facebook.com\\\/ChefsFarmAmsterdam\\\/\",\"https:\\\/\\\/www.instagram.com\\\/chefs.farm\\\/\"]}]}<\/script>\n<!-- \/ Yoast SEO plugin. -->","yoast_head_json":{"title":"TATSOI PURPLE - Chef&#039;s Farm","description":"Tatsoi Purple is a leafy green with purple leaves and green undertones. The larger leaves are spoon shaped, whereas the smaller leaves are heart shaped.","robots":{"index":"index","follow":"follow","max-snippet":"max-snippet:-1","max-image-preview":"max-image-preview:large","max-video-preview":"max-video-preview:-1"},"canonical":"https:\/\/chefsfarm.nl\/fr\/produit\/tatsoi-purple\/","og_locale":"fr_FR","og_type":"article","og_title":"TATSOI PURPLE - Chef&#039;s Farm","og_description":"Tatsoi Purple is a leafy green with purple leaves and green undertones. The larger leaves are spoon shaped, whereas the smaller leaves are heart shaped.","og_url":"https:\/\/chefsfarm.nl\/fr\/produit\/tatsoi-purple\/","og_site_name":"Chef&#039;s Farm","article_publisher":"https:\/\/www.facebook.com\/ChefsFarmAmsterdam\/","article_modified_time":"2025-09-02T11:03:06+00:00","og_image":[{"width":2560,"height":1707,"url":"https:\/\/chefsfarm.nl\/wp-content\/uploads\/2022\/07\/GX2340-1-scaled.jpg","type":"image\/jpeg"}],"twitter_card":"summary_large_image","twitter_misc":{"Dur\u00e9e de lecture estim\u00e9e":"1 minute"},"schema":{"@context":"https:\/\/schema.org","@graph":[{"@type":"WebPage","@id":"https:\/\/chefsfarm.nl\/product\/tatsoi-purple\/","url":"https:\/\/chefsfarm.nl\/product\/tatsoi-purple\/","name":"TATSOI PURPLE - Chef&#039;s Farm","isPartOf":{"@id":"https:\/\/chefsfarm.nl\/#website"},"primaryImageOfPage":{"@id":"https:\/\/chefsfarm.nl\/product\/tatsoi-purple\/#primaryimage"},"image":{"@id":"https:\/\/chefsfarm.nl\/product\/tatsoi-purple\/#primaryimage"},"thumbnailUrl":"https:\/\/chefsfarm.nl\/wp-content\/uploads\/2022\/07\/GX2340-1-scaled.jpg","datePublished":"2022-07-07T10:28:51+00:00","dateModified":"2025-09-02T11:03:06+00:00","description":"Tatsoi Purple is a leafy green with purple leaves and green undertones. The larger leaves are spoon shaped, whereas the smaller leaves are heart shaped.","breadcrumb":{"@id":"https:\/\/chefsfarm.nl\/product\/tatsoi-purple\/#breadcrumb"},"inLanguage":"fr-FR","potentialAction":[{"@type":"ReadAction","target":["https:\/\/chefsfarm.nl\/product\/tatsoi-purple\/"]}]},{"@type":"ImageObject","inLanguage":"fr-FR","@id":"https:\/\/chefsfarm.nl\/product\/tatsoi-purple\/#primaryimage","url":"https:\/\/chefsfarm.nl\/wp-content\/uploads\/2022\/07\/GX2340-1-scaled.jpg","contentUrl":"https:\/\/chefsfarm.nl\/wp-content\/uploads\/2022\/07\/GX2340-1-scaled.jpg","width":2560,"height":1707},{"@type":"BreadcrumbList","@id":"https:\/\/chefsfarm.nl\/product\/tatsoi-purple\/#breadcrumb","itemListElement":[{"@type":"ListItem","position":1,"name":"Home","item":"https:\/\/chefsfarm.nl\/"},{"@type":"ListItem","position":2,"name":"Microgreens","item":"https:\/\/chefsfarm.nl\/category\/microgreens\/"},{"@type":"ListItem","position":3,"name":"TATSOI PURPLE"}]},{"@type":"WebSite","@id":"https:\/\/chefsfarm.nl\/#website","url":"https:\/\/chefsfarm.nl\/","name":"La Ferme du Chef","description":"Obtenez vos micro-pousses, salades m\u00e9lang\u00e9es et fleurs de la meilleure qualit\u00e9","publisher":{"@id":"https:\/\/chefsfarm.nl\/#organization"},"potentialAction":[{"@type":"SearchAction","target":{"@type":"EntryPoint","urlTemplate":"https:\/\/chefsfarm.nl\/?s={search_term_string}"},"query-input":{"@type":"PropertyValueSpecification","valueRequired":true,"valueName":"search_term_string"}}],"inLanguage":"fr-FR"},{"@type":"Organization","@id":"https:\/\/chefsfarm.nl\/#organization","name":"La Ferme du Chef","alternateName":"chefsfarm","url":"https:\/\/chefsfarm.nl\/","logo":{"@type":"ImageObject","inLanguage":"fr-FR","@id":"https:\/\/chefsfarm.nl\/#\/schema\/logo\/image\/","url":"https:\/\/chefsfarm.nl\/wp-content\/uploads\/2022\/06\/chefsfarm-logo-black.png","contentUrl":"https:\/\/chefsfarm.nl\/wp-content\/uploads\/2022\/06\/chefsfarm-logo-black.png","width":1332,"height":380,"caption":"Chef's Farm"},"image":{"@id":"https:\/\/chefsfarm.nl\/#\/schema\/logo\/image\/"},"sameAs":["https:\/\/www.facebook.com\/ChefsFarmAmsterdam\/","https:\/\/www.instagram.com\/chefs.farm\/"]}]}},"_links":{"self":[{"href":"https:\/\/chefsfarm.nl\/fr\/wp-json\/wp\/v2\/product\/7436","targetHints":{"allow":["GET"]}}],"collection":[{"href":"https:\/\/chefsfarm.nl\/fr\/wp-json\/wp\/v2\/product"}],"about":[{"href":"https:\/\/chefsfarm.nl\/fr\/wp-json\/wp\/v2\/types\/product"}],"version-history":[{"count":0,"href":"https:\/\/chefsfarm.nl\/fr\/wp-json\/wp\/v2\/product\/7436\/revisions"}],"wp:featuredmedia":[{"embeddable":true,"href":"https:\/\/chefsfarm.nl\/fr\/wp-json\/wp\/v2\/media\/7437"}],"wp:attachment":[{"href":"https:\/\/chefsfarm.nl\/fr\/wp-json\/wp\/v2\/media?parent=7436"}],"wp:term":[{"taxonomy":"category","embeddable":true,"href":"https:\/\/chefsfarm.nl\/fr\/wp-json\/wp\/v2\/categories?post=7436"},{"taxonomy":"post_tag","embeddable":true,"href":"https:\/\/chefsfarm.nl\/fr\/wp-json\/wp\/v2\/tags?post=7436"}],"curies":[{"name":"wp","href":"https:\/\/api.w.org\/{rel}","templated":true}]}}