{"id":7467,"date":"2022-07-07T13:17:39","date_gmt":"2022-07-07T13:17:39","guid":{"rendered":"http:\/\/localhost:8888\/wordpress\/?post_type=product&#038;p=7467"},"modified":"2025-09-02T10:55:20","modified_gmt":"2025-09-02T10:55:20","slug":"kohlrabi","status":"publish","type":"product","link":"https:\/\/chefsfarm.nl\/fr\/product\/kohlrabi\/","title":{"rendered":"KOHLRABI"},"content":{"rendered":"<div class=\"elementor-column elementor-top-column elementor-element elementor-element-0630857\" data-id=\"0630857\" data-element_type=\"column\">\n<div class=\"elementor-column-wrap elementor-element-populated\">\n<div class=\"elementor-widget-wrap\">\n<div class=\"elementor-element elementor-element-8a759fa elementor-widget elementor-widget-heading\" data-id=\"8a759fa\" data-element_type=\"widget\" data-widget_type=\"heading.default\">\n<div class=\"elementor-widget-container\">\n<p style=\"font-weight: 400;\"><strong>Kohlrabi<\/strong><\/p>\n<p style=\"font-weight: 400;\">Also known as a full-sized vegetable, we grow a delicious, beautiful, and nutrient dense microgreen: Kohlrabi. Our Kohlrabi is a vibrant microgreen, with purple to rose colored sets and dark-green leaves. The leaves have a quite sweet, mild kale taste, that resembles cabbage. Like the full-grown vegetable, Kohlrabi also has a mild spicy and bitter taste. In the production of our Kohlrabi microgreen, we harvest when the leaves are still very young and tender. This causes all the nutrients and flavors to be compressed into these small leaves, making them real taste bombs!<\/p>\n<p style=\"font-weight: 400;\"><strong>History and Fun Facts<\/strong><\/p>\n<p style=\"font-weight: 400;\">Kohlrabi, often called the &#8220;German turnip,&#8221; is a member of the brassica family, which includes cabbage, broccoli, and kale. It originated in Europe and has been cultivated since the 16th century. The name &#8220;kohlrabi&#8221; comes from the German words &#8220;kohl&#8221; (cabbage) and &#8220;rabi&#8221; (turnip), highlighting its hybrid characteristics. Despite its somewhat unusual appearance, kohlrabi has gained popularity around the world due to its versatility, mild flavor, and high nutritional value.<\/p>\n<p style=\"font-weight: 400;\">This vegetable and microgreen is a rich source of vitamin C, fiber, and potassium, making it a healthy addition to many dishes. It is especially prized in Central and Eastern European cuisines, where it is often used in soups, salads, and stir-fries.<\/p>\n<p style=\"font-weight: 400;\"><strong>Culinary Uses<\/strong><strong>\u00a0<\/strong><\/p>\n<p style=\"font-weight: 400;\">The young<em>\u00a0<\/em>leaves can be used in various ways: add them raw to salads, top fish with it or use it as a garnish. Chefs like to use our Kohlrabi mostly to top off their dishes. Not only does the kale add flavor to the dish, but the vibrant microgreen also gives a real kick to the dish\u2019s appearance. Kohlrabi also pairs well with creamy sauces or vinaigrettes, balancing its natural spiciness with richness or acidity.<\/p>\n<p style=\"font-weight: 400;\">Restaurant <a href=\"https:\/\/www.mondirestaurant.com\/mondi-amsterdam-south\/\">Mondi<\/a> has used our Kohlrabi to top their fresh salad and add some crunch and color to their dish. This ceviche of tomatoes consists of a medley of tomato varieties and jalapenos, elegantly finished with a drizzle of mint oil and a crunchy blend of coriander and sesame crackers. Topped with multiple microgreens to add flavor and color to the final dish.<\/p>\n<p style=\"font-weight: 400;\"><strong>Kohlrabi Attributes<\/strong><\/p>\n<ul>\n<li>Mildly spicy, slightly bitter taste with a crunchy texture<\/li>\n<li>Versatile garnish for a variety of dishes<\/li>\n<li>Sweet, mild kale taste<\/li>\n<li>Purple colored leaves<\/li>\n<li>Rich in vitamin C, fiber, and potassium<\/li>\n<\/ul>\n<\/div>\n<\/div>\n<\/div>\n<\/div>\n<\/div>","protected":false},"excerpt":{"rendered":"<p>Also known as a full sized vegetable, we grow a delicious, beautiful, and nutrient dense microgreen: Kohlrabi. Our Kohlrabi is a vibrant microgreen, with purple to rose coloured sets and dark-green leaves. The leaves have a quite sweet, mild kale taste, that resembles cabbage.<\/p>","protected":false},"featured_media":7468,"template":"","meta":{"_acf_changed":true},"categories":[234,171],"tags":[208,237,215,204],"class_list":["post-7467","product","type-product","status-publish","has-post-thumbnail","hentry","category-kale","category-microgreens","tag-kale","tag-mild","tag-purple","tag-spicy"],"acf":[],"yoast_head":"<!-- This site is optimized with the Yoast SEO plugin v27.6 - https:\/\/yoast.com\/product\/yoast-seo-wordpress\/ -->\n<title>KOHLRABI - Chef&#039;s Farm<\/title>\n<meta name=\"description\" content=\"Our Kohlrabi is a vibrant microgreen, with purple to rose coloured sets and dark-green leaves. The leaves have a quite sweet, mild kale taste.\" \/>\n<meta name=\"robots\" content=\"index, follow, max-snippet:-1, max-image-preview:large, max-video-preview:-1\" \/>\n<link rel=\"canonical\" href=\"https:\/\/chefsfarm.nl\/fr\/produit\/kohlrabi\/\" \/>\n<meta property=\"og:locale\" content=\"fr_FR\" \/>\n<meta property=\"og:type\" content=\"article\" \/>\n<meta property=\"og:title\" content=\"KOHLRABI - Chef&#039;s Farm\" \/>\n<meta property=\"og:description\" content=\"Our Kohlrabi is a vibrant microgreen, with purple to rose coloured sets and dark-green leaves. The leaves have a quite sweet, mild kale taste.\" \/>\n<meta property=\"og:url\" content=\"https:\/\/chefsfarm.nl\/fr\/produit\/kohlrabi\/\" \/>\n<meta property=\"og:site_name\" content=\"Chef&#039;s Farm\" \/>\n<meta property=\"article:publisher\" content=\"https:\/\/www.facebook.com\/ChefsFarmAmsterdam\/\" \/>\n<meta property=\"article:modified_time\" content=\"2025-09-02T10:55:20+00:00\" \/>\n<meta property=\"og:image\" content=\"https:\/\/chefsfarm.nl\/wp-content\/uploads\/2022\/07\/GX2319-1-scaled.jpg\" \/>\n\t<meta property=\"og:image:width\" content=\"2560\" \/>\n\t<meta property=\"og:image:height\" content=\"1707\" \/>\n\t<meta property=\"og:image:type\" content=\"image\/jpeg\" \/>\n<meta name=\"twitter:card\" content=\"summary_large_image\" \/>\n<meta name=\"twitter:label1\" content=\"Dur\u00e9e de lecture estim\u00e9e\" \/>\n\t<meta name=\"twitter:data1\" content=\"2 minutes\" \/>\n<script type=\"application\/ld+json\" class=\"yoast-schema-graph\">{\"@context\":\"https:\\\/\\\/schema.org\",\"@graph\":[{\"@type\":\"WebPage\",\"@id\":\"https:\\\/\\\/chefsfarm.nl\\\/product\\\/kohlrabi\\\/\",\"url\":\"https:\\\/\\\/chefsfarm.nl\\\/product\\\/kohlrabi\\\/\",\"name\":\"KOHLRABI - Chef&#039;s Farm\",\"isPartOf\":{\"@id\":\"https:\\\/\\\/chefsfarm.nl\\\/#website\"},\"primaryImageOfPage\":{\"@id\":\"https:\\\/\\\/chefsfarm.nl\\\/product\\\/kohlrabi\\\/#primaryimage\"},\"image\":{\"@id\":\"https:\\\/\\\/chefsfarm.nl\\\/product\\\/kohlrabi\\\/#primaryimage\"},\"thumbnailUrl\":\"https:\\\/\\\/chefsfarm.nl\\\/wp-content\\\/uploads\\\/2022\\\/07\\\/GX2319-1-scaled.jpg\",\"datePublished\":\"2022-07-07T13:17:39+00:00\",\"dateModified\":\"2025-09-02T10:55:20+00:00\",\"description\":\"Our Kohlrabi is a vibrant microgreen, with purple to rose coloured sets and dark-green leaves. The leaves have a quite sweet, mild kale taste.\",\"breadcrumb\":{\"@id\":\"https:\\\/\\\/chefsfarm.nl\\\/product\\\/kohlrabi\\\/#breadcrumb\"},\"inLanguage\":\"fr-FR\",\"potentialAction\":[{\"@type\":\"ReadAction\",\"target\":[\"https:\\\/\\\/chefsfarm.nl\\\/product\\\/kohlrabi\\\/\"]}]},{\"@type\":\"ImageObject\",\"inLanguage\":\"fr-FR\",\"@id\":\"https:\\\/\\\/chefsfarm.nl\\\/product\\\/kohlrabi\\\/#primaryimage\",\"url\":\"https:\\\/\\\/chefsfarm.nl\\\/wp-content\\\/uploads\\\/2022\\\/07\\\/GX2319-1-scaled.jpg\",\"contentUrl\":\"https:\\\/\\\/chefsfarm.nl\\\/wp-content\\\/uploads\\\/2022\\\/07\\\/GX2319-1-scaled.jpg\",\"width\":2560,\"height\":1707},{\"@type\":\"BreadcrumbList\",\"@id\":\"https:\\\/\\\/chefsfarm.nl\\\/product\\\/kohlrabi\\\/#breadcrumb\",\"itemListElement\":[{\"@type\":\"ListItem\",\"position\":1,\"name\":\"Home\",\"item\":\"https:\\\/\\\/chefsfarm.nl\\\/\"},{\"@type\":\"ListItem\",\"position\":2,\"name\":\"Microgreens\",\"item\":\"https:\\\/\\\/chefsfarm.nl\\\/category\\\/microgreens\\\/\"},{\"@type\":\"ListItem\",\"position\":3,\"name\":\"KOHLRABI\"}]},{\"@type\":\"WebSite\",\"@id\":\"https:\\\/\\\/chefsfarm.nl\\\/#website\",\"url\":\"https:\\\/\\\/chefsfarm.nl\\\/\",\"name\":\"Chef&#039;s Farm\",\"description\":\"Get your best quality microgreens, salad mixes and flowers\",\"publisher\":{\"@id\":\"https:\\\/\\\/chefsfarm.nl\\\/#organization\"},\"potentialAction\":[{\"@type\":\"SearchAction\",\"target\":{\"@type\":\"EntryPoint\",\"urlTemplate\":\"https:\\\/\\\/chefsfarm.nl\\\/?s={search_term_string}\"},\"query-input\":{\"@type\":\"PropertyValueSpecification\",\"valueRequired\":true,\"valueName\":\"search_term_string\"}}],\"inLanguage\":\"fr-FR\"},{\"@type\":\"Organization\",\"@id\":\"https:\\\/\\\/chefsfarm.nl\\\/#organization\",\"name\":\"Chef's Farm\",\"alternateName\":\"chefsfarm\",\"url\":\"https:\\\/\\\/chefsfarm.nl\\\/\",\"logo\":{\"@type\":\"ImageObject\",\"inLanguage\":\"fr-FR\",\"@id\":\"https:\\\/\\\/chefsfarm.nl\\\/#\\\/schema\\\/logo\\\/image\\\/\",\"url\":\"https:\\\/\\\/chefsfarm.nl\\\/wp-content\\\/uploads\\\/2022\\\/06\\\/chefsfarm-logo-black.png\",\"contentUrl\":\"https:\\\/\\\/chefsfarm.nl\\\/wp-content\\\/uploads\\\/2022\\\/06\\\/chefsfarm-logo-black.png\",\"width\":1332,\"height\":380,\"caption\":\"Chef's Farm\"},\"image\":{\"@id\":\"https:\\\/\\\/chefsfarm.nl\\\/#\\\/schema\\\/logo\\\/image\\\/\"},\"sameAs\":[\"https:\\\/\\\/www.facebook.com\\\/ChefsFarmAmsterdam\\\/\",\"https:\\\/\\\/www.instagram.com\\\/chefs.farm\\\/\"]}]}<\/script>\n<!-- \/ Yoast SEO plugin. -->","yoast_head_json":{"title":"KOHLRABI - Chef&#039;s Farm","description":"Our Kohlrabi is a vibrant microgreen, with purple to rose coloured sets and dark-green leaves. The leaves have a quite sweet, mild kale taste.","robots":{"index":"index","follow":"follow","max-snippet":"max-snippet:-1","max-image-preview":"max-image-preview:large","max-video-preview":"max-video-preview:-1"},"canonical":"https:\/\/chefsfarm.nl\/fr\/produit\/kohlrabi\/","og_locale":"fr_FR","og_type":"article","og_title":"KOHLRABI - Chef&#039;s Farm","og_description":"Our Kohlrabi is a vibrant microgreen, with purple to rose coloured sets and dark-green leaves. The leaves have a quite sweet, mild kale taste.","og_url":"https:\/\/chefsfarm.nl\/fr\/produit\/kohlrabi\/","og_site_name":"Chef&#039;s Farm","article_publisher":"https:\/\/www.facebook.com\/ChefsFarmAmsterdam\/","article_modified_time":"2025-09-02T10:55:20+00:00","og_image":[{"width":2560,"height":1707,"url":"https:\/\/chefsfarm.nl\/wp-content\/uploads\/2022\/07\/GX2319-1-scaled.jpg","type":"image\/jpeg"}],"twitter_card":"summary_large_image","twitter_misc":{"Dur\u00e9e de lecture estim\u00e9e":"2 minutes"},"schema":{"@context":"https:\/\/schema.org","@graph":[{"@type":"WebPage","@id":"https:\/\/chefsfarm.nl\/product\/kohlrabi\/","url":"https:\/\/chefsfarm.nl\/product\/kohlrabi\/","name":"KOHLRABI - Chef&#039;s Farm","isPartOf":{"@id":"https:\/\/chefsfarm.nl\/#website"},"primaryImageOfPage":{"@id":"https:\/\/chefsfarm.nl\/product\/kohlrabi\/#primaryimage"},"image":{"@id":"https:\/\/chefsfarm.nl\/product\/kohlrabi\/#primaryimage"},"thumbnailUrl":"https:\/\/chefsfarm.nl\/wp-content\/uploads\/2022\/07\/GX2319-1-scaled.jpg","datePublished":"2022-07-07T13:17:39+00:00","dateModified":"2025-09-02T10:55:20+00:00","description":"Our Kohlrabi is a vibrant microgreen, with purple to rose coloured sets and dark-green leaves. The leaves have a quite sweet, mild kale taste.","breadcrumb":{"@id":"https:\/\/chefsfarm.nl\/product\/kohlrabi\/#breadcrumb"},"inLanguage":"fr-FR","potentialAction":[{"@type":"ReadAction","target":["https:\/\/chefsfarm.nl\/product\/kohlrabi\/"]}]},{"@type":"ImageObject","inLanguage":"fr-FR","@id":"https:\/\/chefsfarm.nl\/product\/kohlrabi\/#primaryimage","url":"https:\/\/chefsfarm.nl\/wp-content\/uploads\/2022\/07\/GX2319-1-scaled.jpg","contentUrl":"https:\/\/chefsfarm.nl\/wp-content\/uploads\/2022\/07\/GX2319-1-scaled.jpg","width":2560,"height":1707},{"@type":"BreadcrumbList","@id":"https:\/\/chefsfarm.nl\/product\/kohlrabi\/#breadcrumb","itemListElement":[{"@type":"ListItem","position":1,"name":"Home","item":"https:\/\/chefsfarm.nl\/"},{"@type":"ListItem","position":2,"name":"Microgreens","item":"https:\/\/chefsfarm.nl\/category\/microgreens\/"},{"@type":"ListItem","position":3,"name":"KOHLRABI"}]},{"@type":"WebSite","@id":"https:\/\/chefsfarm.nl\/#website","url":"https:\/\/chefsfarm.nl\/","name":"La Ferme du Chef","description":"Obtenez vos micro-pousses, salades m\u00e9lang\u00e9es et fleurs de la meilleure qualit\u00e9","publisher":{"@id":"https:\/\/chefsfarm.nl\/#organization"},"potentialAction":[{"@type":"SearchAction","target":{"@type":"EntryPoint","urlTemplate":"https:\/\/chefsfarm.nl\/?s={search_term_string}"},"query-input":{"@type":"PropertyValueSpecification","valueRequired":true,"valueName":"search_term_string"}}],"inLanguage":"fr-FR"},{"@type":"Organization","@id":"https:\/\/chefsfarm.nl\/#organization","name":"La Ferme du Chef","alternateName":"chefsfarm","url":"https:\/\/chefsfarm.nl\/","logo":{"@type":"ImageObject","inLanguage":"fr-FR","@id":"https:\/\/chefsfarm.nl\/#\/schema\/logo\/image\/","url":"https:\/\/chefsfarm.nl\/wp-content\/uploads\/2022\/06\/chefsfarm-logo-black.png","contentUrl":"https:\/\/chefsfarm.nl\/wp-content\/uploads\/2022\/06\/chefsfarm-logo-black.png","width":1332,"height":380,"caption":"Chef's Farm"},"image":{"@id":"https:\/\/chefsfarm.nl\/#\/schema\/logo\/image\/"},"sameAs":["https:\/\/www.facebook.com\/ChefsFarmAmsterdam\/","https:\/\/www.instagram.com\/chefs.farm\/"]}]}},"_links":{"self":[{"href":"https:\/\/chefsfarm.nl\/fr\/wp-json\/wp\/v2\/product\/7467","targetHints":{"allow":["GET"]}}],"collection":[{"href":"https:\/\/chefsfarm.nl\/fr\/wp-json\/wp\/v2\/product"}],"about":[{"href":"https:\/\/chefsfarm.nl\/fr\/wp-json\/wp\/v2\/types\/product"}],"version-history":[{"count":0,"href":"https:\/\/chefsfarm.nl\/fr\/wp-json\/wp\/v2\/product\/7467\/revisions"}],"wp:featuredmedia":[{"embeddable":true,"href":"https:\/\/chefsfarm.nl\/fr\/wp-json\/wp\/v2\/media\/7468"}],"wp:attachment":[{"href":"https:\/\/chefsfarm.nl\/fr\/wp-json\/wp\/v2\/media?parent=7467"}],"wp:term":[{"taxonomy":"category","embeddable":true,"href":"https:\/\/chefsfarm.nl\/fr\/wp-json\/wp\/v2\/categories?post=7467"},{"taxonomy":"post_tag","embeddable":true,"href":"https:\/\/chefsfarm.nl\/fr\/wp-json\/wp\/v2\/tags?post=7467"}],"curies":[{"name":"wp","href":"https:\/\/api.w.org\/{rel}","templated":true}]}}